{"id":9595,"date":"2014-02-18T10:25:50","date_gmt":"2014-02-18T09:25:50","guid":{"rendered":"http:\/\/tg.edu.rs\/hun\/?page_id=9595"},"modified":"2021-11-29T21:12:26","modified_gmt":"2021-11-29T20:12:26","slug":"tagozatok","status":"publish","type":"page","link":"https:\/\/tg.edu.rs\/hun\/tagozatok\/tagozatok\/","title":{"rendered":"Tagozatok"},"content":{"rendered":"<p><a name=\"top\"><\/a><a href=\"https:\/\/tg.edu.rs\/hun\/tagozatok\/tagozatok\/#nyelvi\">1. ANGOL TAGOZAT<\/a><br \/>\n<a href=\"https:\/\/tg.edu.rs\/hun\/tagozatok\/tagozatok\/#nyelvi\">2. N\u00c9MET TAGOZAT<\/a><br \/>\n<a href=\"https:\/\/tg.edu.rs\/hun\/tagozatok\/tagozatok\/#sport\">3. SPORTTAGOZAT<\/a><br \/>\n<a href=\"https:\/\/tg.edu.rs\/hun\/tagozatok\/tagozatok\/#audiovizualis\">4. SZ\u00cdNH\u00c1Z- \u00c9S AUDIOVIZU\u00c1LIS M\u0170V\u00c9SZET<\/a><\/p>\n<h3>Nyelvi tagozatok<\/h3>\n<p>Az idegen nyelvek ismerete n\u00e9lk\u00fcl\u00f6zhetetlen k\u00f6vetelm\u00e9ny\u00e9v\u00e9 v\u00e1lt mindennapjainknak. Nem hagyhat\u00f3ak figyelmen k\u00edv\u00fcl az Eur\u00f3p\u00e1ban zajl\u00f3 esem\u00e9nyek; az Eur\u00f3pai Uni\u00f3 realit\u00e1ss\u00e1 v\u00e1lt, amely a fiatalok el\u0151tt ez eg\u00e9szen \u00faj lehet\u0151s\u00e9geket nyit. Boldogul\u00e1suknak, szabad mozg\u00e1suknak alapfelt\u00e9tel\u00e9t k\u00e9pezi a biztons\u00e1ggal haszn\u00e1lt, sz\u00ednvonalas nyelvismeret. Az iskol\u00e1nknak egyik alapvet\u0151 feladata a korszer\u0171 nyelvoktat\u00e1s. Hogy ennek a k\u00f6vetelm\u00e9nynek megfelelhess\u00fcnk, j\u00f3l k\u00e9pzett tan\u00e1raink \u00e9s korszer\u0171 taneszk\u00f6zeink vannak. Az els\u0151 idegen nyelvet a tanul\u00f3k heti 5 \u00f3r\u00e1ban, a m\u00e1sodikat pedig heti 3 \u00f3r\u00e1ban tanulj\u00e1k. Nyelvi laborokban, kis csoportokban folyik a munka. Els\u0151 oszt\u00e1lyt\u00f3l v\u00e1laszthatnak m\u00e9g egy nyelvet heti k\u00e9t \u00f3r\u00e1ban: egyel\u0151re ez a francia vagy a spanyol.<\/p>\n<p><a name=\"nyelvi\"><\/a><strong>Az al\u00e1bbiakban a nyelvi tagozatok tant\u00e1rgyai \u00e9s a kapcsol\u00f3d\u00f3 \u00f3rasz\u00e1mok tanulm\u00e1nyozhat\u00f3ak.<\/strong><br \/>\n<a href=\"https:\/\/tg.edu.rs\/hun\/wp-content\/uploads\/2021\/11\/Nyelvi-tagozat-tant\u00e1rgyak-\u00f3rasz\u00e1mok-1.png\"><img loading=\"lazy\" class=\"aligncenter wp-image-17410 size-full\" src=\"https:\/\/tg.edu.rs\/hun\/wp-content\/uploads\/2021\/11\/Nyelvi-tagozat-tant\u00e1rgyak-\u00f3rasz\u00e1mok-1.png\" alt=\"\" width=\"789\" height=\"915\" srcset=\"https:\/\/tg.edu.rs\/hun\/wp-content\/uploads\/2021\/11\/Nyelvi-tagozat-tant\u00e1rgyak-\u00f3rasz\u00e1mok-1.png 789w, https:\/\/tg.edu.rs\/hun\/wp-content\/uploads\/2021\/11\/Nyelvi-tagozat-tant\u00e1rgyak-\u00f3rasz\u00e1mok-1-414x480.png 414w, https:\/\/tg.edu.rs\/hun\/wp-content\/uploads\/2021\/11\/Nyelvi-tagozat-tant\u00e1rgyak-\u00f3rasz\u00e1mok-1-250x290.png 250w, https:\/\/tg.edu.rs\/hun\/wp-content\/uploads\/2021\/11\/Nyelvi-tagozat-tant\u00e1rgyak-\u00f3rasz\u00e1mok-1-640x742.png 640w, https:\/\/tg.edu.rs\/hun\/wp-content\/uploads\/2021\/11\/Nyelvi-tagozat-tant\u00e1rgyak-\u00f3rasz\u00e1mok-1-100x116.png 100w, https:\/\/tg.edu.rs\/hun\/wp-content\/uploads\/2021\/11\/Nyelvi-tagozat-tant\u00e1rgyak-\u00f3rasz\u00e1mok-1-150x174.png 150w, https:\/\/tg.edu.rs\/hun\/wp-content\/uploads\/2021\/11\/Nyelvi-tagozat-tant\u00e1rgyak-\u00f3rasz\u00e1mok-1-200x232.png 200w, https:\/\/tg.edu.rs\/hun\/wp-content\/uploads\/2021\/11\/Nyelvi-tagozat-tant\u00e1rgyak-\u00f3rasz\u00e1mok-1-300x348.png 300w, https:\/\/tg.edu.rs\/hun\/wp-content\/uploads\/2021\/11\/Nyelvi-tagozat-tant\u00e1rgyak-\u00f3rasz\u00e1mok-1-450x522.png 450w, https:\/\/tg.edu.rs\/hun\/wp-content\/uploads\/2021\/11\/Nyelvi-tagozat-tant\u00e1rgyak-\u00f3rasz\u00e1mok-1-600x696.png 600w\" sizes=\"(max-width: 789px) 100vw, 789px\" \/><\/a><br \/>\n<a href=\"https:\/\/tg.edu.rs\/hun\/tagozatok\/tagozatok\/#top\">Az oldal tetej\u00e9re<\/a><\/p>\n<p>2007 szeptember 1-t\u0151l a Kosztol\u00e1nyi Dezs\u0151 Tehets\u00e9ggondoz\u00f3 Gimn\u00e1zium keretein bel\u00fcl sporttagozat ny\u00edlt magyar nyelven. A tagozatra jelentkez\u0151 di\u00e1kokat, mik\u00e9nt a nyelvi tagozatokon is, els\u0151sorban a tov\u00e1bbtanul\u00e1sra k\u00e9sz\u00edtj\u00fck fel.<\/p>\n<p><a name=\"sport\"><\/a><strong>Az al\u00e1bbiakban a sporttagozat tant\u00e1rgyai \u00e9s a kapcsol\u00f3d\u00f3 \u00f3rasz\u00e1mok tanulm\u00e1nyozhat\u00f3ak.<\/strong><br \/>\n<a href=\"https:\/\/tg.edu.rs\/hun\/wp-content\/uploads\/2021\/11\/SPORTTAGOZAT-tant\u00e1rgyak-\u00f3rasz\u00e1mok.png\"><img loading=\"lazy\" class=\"aligncenter wp-image-17411 size-full\" src=\"https:\/\/tg.edu.rs\/hun\/wp-content\/uploads\/2021\/11\/SPORTTAGOZAT-tant\u00e1rgyak-\u00f3rasz\u00e1mok.png\" alt=\"\" width=\"1121\" height=\"639\" srcset=\"https:\/\/tg.edu.rs\/hun\/wp-content\/uploads\/2021\/11\/SPORTTAGOZAT-tant\u00e1rgyak-\u00f3rasz\u00e1mok.png 1121w, https:\/\/tg.edu.rs\/hun\/wp-content\/uploads\/2021\/11\/SPORTTAGOZAT-tant\u00e1rgyak-\u00f3rasz\u00e1mok-480x274.png 480w, https:\/\/tg.edu.rs\/hun\/wp-content\/uploads\/2021\/11\/SPORTTAGOZAT-tant\u00e1rgyak-\u00f3rasz\u00e1mok-1024x584.png 1024w, https:\/\/tg.edu.rs\/hun\/wp-content\/uploads\/2021\/11\/SPORTTAGOZAT-tant\u00e1rgyak-\u00f3rasz\u00e1mok-250x143.png 250w, https:\/\/tg.edu.rs\/hun\/wp-content\/uploads\/2021\/11\/SPORTTAGOZAT-tant\u00e1rgyak-\u00f3rasz\u00e1mok-640x365.png 640w, https:\/\/tg.edu.rs\/hun\/wp-content\/uploads\/2021\/11\/SPORTTAGOZAT-tant\u00e1rgyak-\u00f3rasz\u00e1mok-100x57.png 100w, https:\/\/tg.edu.rs\/hun\/wp-content\/uploads\/2021\/11\/SPORTTAGOZAT-tant\u00e1rgyak-\u00f3rasz\u00e1mok-150x86.png 150w, https:\/\/tg.edu.rs\/hun\/wp-content\/uploads\/2021\/11\/SPORTTAGOZAT-tant\u00e1rgyak-\u00f3rasz\u00e1mok-200x114.png 200w, https:\/\/tg.edu.rs\/hun\/wp-content\/uploads\/2021\/11\/SPORTTAGOZAT-tant\u00e1rgyak-\u00f3rasz\u00e1mok-300x171.png 300w, https:\/\/tg.edu.rs\/hun\/wp-content\/uploads\/2021\/11\/SPORTTAGOZAT-tant\u00e1rgyak-\u00f3rasz\u00e1mok-450x257.png 450w, https:\/\/tg.edu.rs\/hun\/wp-content\/uploads\/2021\/11\/SPORTTAGOZAT-tant\u00e1rgyak-\u00f3rasz\u00e1mok-600x342.png 600w, https:\/\/tg.edu.rs\/hun\/wp-content\/uploads\/2021\/11\/SPORTTAGOZAT-tant\u00e1rgyak-\u00f3rasz\u00e1mok-900x513.png 900w\" sizes=\"(max-width: 1121px) 100vw, 1121px\" \/><\/a><br \/>\n<a href=\"https:\/\/tg.edu.rs\/hun\/tagozatok\/tagozatok\/#top\">Az oldal tetej\u00e9re<\/a><\/p>\n<h3>Sz\u00ednh\u00e1z- \u00e9s audiovizu\u00e1lis m\u0171v\u00e9szet szak<\/h3>\n<p>A sz\u00ednh\u00e1z- \u00e9s audiovizu\u00e1lis m\u0171v\u00e9szet szak a k\u00fcl\u00f6nf\u00e9le m\u0171v\u00e9szeti \u00e9s kommunik\u00e1ci\u00f3 szakos egyetemi k\u00e9pz\u00e9s mellett m\u00e1s egyetemi k\u00e9pz\u00e9sre is felk\u00e9sz\u00edti a di\u00e1kokat. (4 \u00e9vig tanulnak magyar nyelv \u00e9s irodalom, matematika, angol \u00e9s n\u00e9met nyelv, informatika tant\u00e1rgyakat, 3 \u00e9vig: biol\u00f3gia, t\u00f6rt\u00e9nelem, fizika tant\u00e1rgyakat.) A 20 f\u0151s oszt\u00e1lyokban a m\u0171v\u00e9szeti, gyakorlati \u00f3r\u00e1kon bontott, 10 f\u0151s csoportokban dolgoznak. Csoportbont\u00e1sban dolgoznak az informatika, az idegennyelv-\u00f3r\u00e1kon is. A di\u00e1kok megismerkednek a sz\u00ednh\u00e1z, a sajt\u00f3, a film, a videoj\u00e1t\u00e9kok, az internetes port\u00e1lok m\u0171k\u00f6d\u00e9s\u00e9vel. Haszn\u00e1lni tudj\u00e1k a modern digit\u00e1lis technik\u00e1kat, hogy prezent\u00e1lni tudja \u00f6tleteiket, kutat\u00e1si eredm\u00e9nyeiket (ez minden szakter\u00fcleten fontos).<\/p>\n<p>A di\u00e1kok bekapcsol\u00f3dnak a k\u00fcl\u00f6nf\u00e9le m\u0171v\u00e9szeti \u00e9s kultur\u00e1lis int\u00e9zm\u00e9nyek (a mi eset\u00fcnkben a Szabadkai N\u00e9psz\u00ednh\u00e1z, a Kosztol\u00e1nyi Sz\u00ednh\u00e1z, a szabadkai mozik, m\u00fazeumok) illetve a m\u00e9diaint\u00e9zm\u00e9nyek: Pannon RTV, Szabadkai R\u00e1di\u00f3, \u00edrott sajt\u00f3: Magyar Sz\u00f3, 7Nap munk\u00e1j\u00e1ba.<\/p>\n<p>Az AUDIOVIZU\u00c1LIS M\u0170V\u00c9SZETEK tant\u00e1rgy keretein bel\u00fcl elm\u00e9leti \u00e9s sok gyakorlati \u00f3r\u00e1n a filmek \u00e9s t\u00e9v\u00e9m\u0171sorok form\u00e1j\u00e1r\u00f3l, fogalmair\u00f3l tanulnak: videoklipek, videoj\u00e1t\u00e9kok, a f\u00e9nyk\u00e9p, a filmnyelv kifejez\u0151eszk\u00f6zeir\u0151l (v\u00e1g\u00e1s, k\u00e9pkompon\u00e1l\u00e1s, be\u00e1ll\u00edt\u00e1sok, hang stb. ), forgat\u00f3k\u00f6nyv, storyboard (k\u00e9pes forgat\u00f3k\u00f6nyv) stb. Megtanulj\u00e1k a filmk\u00e9sz\u00edt\u00e9s alapjait, kisfilmeket, t\u00e9v\u00e9m\u0171sorokat k\u00e9sz\u00edtenek.<\/p>\n<p>A k\u00e9t tant\u00e1rgy szoros korrel\u00e1ci\u00f3ban van egym\u00e1ssal. Mindkett\u0151t szakmabeliek tan\u00edtj\u00e1k: a sz\u00ednh\u00e1zm\u0171v\u00e9szet t\u00e1rgyat sz\u00edn\u00e9sz, az audiovizu\u00e1list rendez\u0151, illetve a digit\u00e1lis m\u00e9di\u00e1ban j\u00e1rtas sz\u00edn\u00e9sz.<\/p>\n<p>A fel\u00e9vteli k\u00e9rd\u00e9sek a magyar nyelv \u00e9s irodalom, k\u00e9pz\u0151m\u0171v\u00e9szet, zenem\u0171v\u00e9szet \u00e9s t\u00f6rt\u00e9nelem tant\u00e1rgyak k\u00f6z\u00e9p- \u00e9s emelt szinten elv\u00e1rt tud\u00e1sanyag\u00e1b\u00f3l \u00e1ll \u00f6ssze. A felk\u00e9sz\u00fcl\u00e9shez a tank\u00f6nyveket haszn\u00e1lhatj\u00e1k a di\u00e1kok.<\/p>\n<p>A felv\u00e9teli id\u0151pontja: m\u00e1jus 13-22. k\u00f6z\u00f6tt.<\/p>\n<p><a name=\"audiovizualis\"><\/a><strong>Az al\u00e1bbiakban a sz\u00ednh\u00e1z- \u00e9s audiovizu\u00e1lis m\u0171v\u00e9szet szak tant\u00e1rgyai \u00e9s a kapcsol\u00f3d\u00f3 \u00f3rasz\u00e1mok tanulm\u00e1nyozhat\u00f3ak.<br \/>\n<\/strong><\/p>\n<p><a href=\"https:\/\/tg.edu.rs\/hun\/wp-content\/uploads\/2021\/11\/Sz\u00ednh\u00e1z-\u00e9s-audiovizu\u00e1lis-m\u0171v\u00e9szet_tant\u00e1rgyak-\u00f3rasz\u00e1mok.png\"><img loading=\"lazy\" class=\"aligncenter wp-image-17412 size-full\" src=\"https:\/\/tg.edu.rs\/hun\/wp-content\/uploads\/2021\/11\/Sz\u00ednh\u00e1z-\u00e9s-audiovizu\u00e1lis-m\u0171v\u00e9szet_tant\u00e1rgyak-\u00f3rasz\u00e1mok.png\" alt=\"\" width=\"1115\" height=\"680\" srcset=\"https:\/\/tg.edu.rs\/hun\/wp-content\/uploads\/2021\/11\/Sz\u00ednh\u00e1z-\u00e9s-audiovizu\u00e1lis-m\u0171v\u00e9szet_tant\u00e1rgyak-\u00f3rasz\u00e1mok.png 1115w, https:\/\/tg.edu.rs\/hun\/wp-content\/uploads\/2021\/11\/Sz\u00ednh\u00e1z-\u00e9s-audiovizu\u00e1lis-m\u0171v\u00e9szet_tant\u00e1rgyak-\u00f3rasz\u00e1mok-480x293.png 480w, https:\/\/tg.edu.rs\/hun\/wp-content\/uploads\/2021\/11\/Sz\u00ednh\u00e1z-\u00e9s-audiovizu\u00e1lis-m\u0171v\u00e9szet_tant\u00e1rgyak-\u00f3rasz\u00e1mok-1024x625.png 1024w, https:\/\/tg.edu.rs\/hun\/wp-content\/uploads\/2021\/11\/Sz\u00ednh\u00e1z-\u00e9s-audiovizu\u00e1lis-m\u0171v\u00e9szet_tant\u00e1rgyak-\u00f3rasz\u00e1mok-250x152.png 250w, https:\/\/tg.edu.rs\/hun\/wp-content\/uploads\/2021\/11\/Sz\u00ednh\u00e1z-\u00e9s-audiovizu\u00e1lis-m\u0171v\u00e9szet_tant\u00e1rgyak-\u00f3rasz\u00e1mok-640x390.png 640w, https:\/\/tg.edu.rs\/hun\/wp-content\/uploads\/2021\/11\/Sz\u00ednh\u00e1z-\u00e9s-audiovizu\u00e1lis-m\u0171v\u00e9szet_tant\u00e1rgyak-\u00f3rasz\u00e1mok-100x61.png 100w, https:\/\/tg.edu.rs\/hun\/wp-content\/uploads\/2021\/11\/Sz\u00ednh\u00e1z-\u00e9s-audiovizu\u00e1lis-m\u0171v\u00e9szet_tant\u00e1rgyak-\u00f3rasz\u00e1mok-150x91.png 150w, https:\/\/tg.edu.rs\/hun\/wp-content\/uploads\/2021\/11\/Sz\u00ednh\u00e1z-\u00e9s-audiovizu\u00e1lis-m\u0171v\u00e9szet_tant\u00e1rgyak-\u00f3rasz\u00e1mok-200x122.png 200w, https:\/\/tg.edu.rs\/hun\/wp-content\/uploads\/2021\/11\/Sz\u00ednh\u00e1z-\u00e9s-audiovizu\u00e1lis-m\u0171v\u00e9szet_tant\u00e1rgyak-\u00f3rasz\u00e1mok-300x183.png 300w, https:\/\/tg.edu.rs\/hun\/wp-content\/uploads\/2021\/11\/Sz\u00ednh\u00e1z-\u00e9s-audiovizu\u00e1lis-m\u0171v\u00e9szet_tant\u00e1rgyak-\u00f3rasz\u00e1mok-450x274.png 450w, https:\/\/tg.edu.rs\/hun\/wp-content\/uploads\/2021\/11\/Sz\u00ednh\u00e1z-\u00e9s-audiovizu\u00e1lis-m\u0171v\u00e9szet_tant\u00e1rgyak-\u00f3rasz\u00e1mok-600x366.png 600w, https:\/\/tg.edu.rs\/hun\/wp-content\/uploads\/2021\/11\/Sz\u00ednh\u00e1z-\u00e9s-audiovizu\u00e1lis-m\u0171v\u00e9szet_tant\u00e1rgyak-\u00f3rasz\u00e1mok-900x549.png 900w\" sizes=\"(max-width: 1115px) 100vw, 1115px\" \/><\/a><\/p>\n<p><a href=\"https:\/\/tg.edu.rs\/hun\/tagozatok\/tagozatok\/#top\">Az oldal tetej\u00e9re<\/a><\/p>\n","protected":false},"excerpt":{"rendered":"<p>1. ANGOL TAGOZAT 2. N\u00c9MET TAGOZAT 3. SPORTTAGOZAT 4. SZ\u00cdNH\u00c1Z- \u00c9S AUDIOVIZU\u00c1LIS M\u0170V\u00c9SZET Nyelvi tagozatok Az idegen nyelvek ismerete n\u00e9lk\u00fcl\u00f6zhetetlen k\u00f6vetelm\u00e9ny\u00e9v\u00e9 v\u00e1lt mindennapjainknak. Nem hagyhat\u00f3ak figyelmen k\u00edv\u00fcl az Eur\u00f3p\u00e1ban zajl\u00f3 esem\u00e9nyek; az Eur\u00f3pai Uni\u00f3 realit\u00e1ss\u00e1 v\u00e1lt, amely a fiatalok el\u0151tt<span class=\"ellipsis\">&hellip;<\/span><\/p>\n<div class=\"read-more\"><a href=\"https:\/\/tg.edu.rs\/hun\/tagozatok\/tagozatok\/\">Tov\u00e1bb \u203a<\/a><\/div>\n<p><!-- end of .read-more --><\/p>\n","protected":false},"author":1,"featured_media":0,"parent":253,"menu_order":0,"comment_status":"open","ping_status":"open","template":"full-width-page.php","meta":{"_mi_skip_tracking":false},"aioseo_notices":[],"_links":{"self":[{"href":"https:\/\/tg.edu.rs\/hun\/wp-json\/wp\/v2\/pages\/9595"}],"collection":[{"href":"https:\/\/tg.edu.rs\/hun\/wp-json\/wp\/v2\/pages"}],"about":[{"href":"https:\/\/tg.edu.rs\/hun\/wp-json\/wp\/v2\/types\/page"}],"author":[{"embeddable":true,"href":"https:\/\/tg.edu.rs\/hun\/wp-json\/wp\/v2\/users\/1"}],"replies":[{"embeddable":true,"href":"https:\/\/tg.edu.rs\/hun\/wp-json\/wp\/v2\/comments?post=9595"}],"version-history":[{"count":34,"href":"https:\/\/tg.edu.rs\/hun\/wp-json\/wp\/v2\/pages\/9595\/revisions"}],"predecessor-version":[{"id":17423,"href":"https:\/\/tg.edu.rs\/hun\/wp-json\/wp\/v2\/pages\/9595\/revisions\/17423"}],"up":[{"embeddable":true,"href":"https:\/\/tg.edu.rs\/hun\/wp-json\/wp\/v2\/pages\/253"}],"wp:attachment":[{"href":"https:\/\/tg.edu.rs\/hun\/wp-json\/wp\/v2\/media?parent=9595"}],"curies":[{"name":"wp","href":"https:\/\/api.w.org\/{rel}","templated":true}]}}