{"id":8555,"date":"2013-04-02T17:34:50","date_gmt":"2013-04-02T15:34:50","guid":{"rendered":"http:\/\/tg.edu.rs\/hun\/?page_id=8555"},"modified":"2013-04-05T08:38:44","modified_gmt":"2013-04-05T06:38:44","slug":"diaktoborzo-kampany-2013","status":"publish","type":"page","link":"https:\/\/tg.edu.rs\/hun\/diaktoborzo-kampany-2013\/","title":{"rendered":"Di\u00e1ktoborz\u00f3 kamp\u00e1ny 2013"},"content":{"rendered":"<p><b>\u00daTVONALAK:<\/b><\/p>\n<p><b>1.\u00a0 NAP \u2013 \u00c1prilis 3., SZERDA<\/b><\/p>\n<p><b>\u00a0\u00a0<\/b><em>9.20\u00a0 &#8211; MOHOL \u2013 <\/em><em>Novak Radoni\u0107 \u00c1.I.<\/em><\/p>\n<p><em>\u00a010.30\u00a0&#8211; P\u00c9TERR\u00c9VE \u2013 Samu Mih\u00e1ly \u00c1.I. <\/em><\/p>\n<p><em>\u00a011.30\u00a0&#8211; \u00d3BECSE \u2013 Samu Mih\u00e1ly \u00c1.I.\u00a0\u00a0<\/em><\/p>\n<p><em>\u00a012.45 &#8211; T\u00d6R\u00d6KBECSE \u2013 Miloje \u010cipli\u0107 \u00c1.I.\u00a0 <\/em><\/p>\n<p><em>\u00a014.15 &#8211; ADA \u2013 Cseh K\u00e1roly \u00c1.I.<\/em><\/p>\n<p><b>2.\u00a0 NAP \u2013 \u00c1prilis 4., CS\u00dcT\u00d6RT\u00d6K<\/b><\/p>\n<p><em>10.40\u00a0&#8211; TORNYOS \u2013 T\u00f6m\u00f6rk\u00e9ny Istv\u00e1n \u00c1.I.<\/em><\/p>\n<p><em>\u00a0 11.45 &#8211; FELS\u0150HEGY \u2013 Csokonai V. Mih\u00e1ly \u00c1.I.<\/em><\/p>\n<p><em>\u00a0 13.00 &#8211; CS\u00d3KA \u2013 Jovan Popovi\u0107 \u00c1.I.\u00a0 <\/em><\/p>\n<p><em>\u00a0 14.00 &#8211; ZENTA\u00a0 November 11. \u00c1.I.<\/em><\/p>\n<p><b>3.\u00a0 NAP \u2013 \u00c1prilis 5., P\u00c9NTEK<\/b><\/p>\n<p><em>9.30 &#8211; MAGYARCSERNYE \u2013 Pet\u0151fi S\u00e1ndor \u00c1.I. <\/em><\/p>\n<p><em>11.00 &#8211; SZENTMIH\u00c1LY &#8211; Sonja Marinkovi\u0107 \u00c1.I. <\/em><\/p>\n<p><em>12.25 &#8211; NAGYBECSKEREK \u2013 Sonja Marinkovi\u0107 \u00c1.I. <\/em><\/p>\n<p><em>14.50 \u2013 KIKINDA &#8211; Fej\u0151s Kl\u00e1ra \u00c1.I.<\/em><\/p>\n<p><b>4.\u00a0 NAP \u2013 \u00c1prilis 8., H\u00c9TF\u0150<\/b><\/p>\n<p><em>10.15 &#8211; KISHEGYES &#8211; Ady Endre K\u00eds\u00e9rleti \u00c1ltal\u00e1nos Iskola <\/em><\/p>\n<p><em>11.40 &#8211; SZENTTAM\u00c1S \u2013 Jovan Jovanovi\u0107 Zmaj \u00c1.I.\u00a0<\/em><\/p>\n<p><em>12.50 &#8211; TEMERIN \u2013 K\u00f3kai Imre \u00c1.I. <\/em><\/p>\n<p><em>14.20 &#8211; B\u00c1CSF\u00d6LDV\u00c1R \u2013 Svetozar Markovi\u0107 <\/em><em>\u00c1.I.<\/em><\/p>\n<p><b>5.\u00a0 NAP \u2013 \u00c1prilis 9., KEDD<\/b><\/p>\n<p><em>9.45 \u00a0&#8211; KIR\u00c1LYHALOM \u2013 Pet\u0151fi S\u00e1ndor \u00c1.I.\u00a0 <\/em><\/p>\n<p><em>10.35 &#8211; HAJD\u00daJ\u00c1R\u00c1S \u2013 Pet\u0151fi S\u00e1ndor \u00c1.I.<\/em><\/p>\n<p><em>11.30 &#8211; KISPIAC &#8211; Okt\u00f3ber 10. \u00c1.I.\u00a0<\/em><\/p>\n<p><em>12.30 &#8211; HORGOS \u2013 Okt\u00f3ber 10. \u00c1.I.<\/em><\/p>\n<p><b>6.\u00a0 NAP \u2013 \u00c1prilis 11., CS\u00dcT\u00d6RT\u00d6K<\/b><\/p>\n<p><em>8.30 &#8211; OROMHEGYES (Tre\u0161njevac) \u2013Kiss Ferenc \u00c1.I.<\/em><\/p>\n<p><em>10.20 &#8211; PAD\u00c9 \u2013 Szerv\u00f3 Mih\u00e1ly \u00c1.I.\u00a0\u00a0<\/em><\/p>\n<p><em>11.30 &#8211; SZAJ\u00c1N \u2013 M\u00f3ra K\u00e1roly \u00c1.I. <\/em><\/p>\n<p><em>13.00 &#8211; KISOROSZ \u2013 Gligorije Popov \u00c1.I.<\/em><\/p>\n<p><em>15.30 &#8211; MAGYARKANIZSA \u2013 J.J.Zmaj \u00c1.I.<\/em><\/p>\n","protected":false},"excerpt":{"rendered":"<p>\u00daTVONALAK: 1.\u00a0 NAP \u2013 \u00c1prilis 3., SZERDA \u00a0\u00a09.20\u00a0 &#8211; MOHOL \u2013 Novak Radoni\u0107 \u00c1.I. \u00a010.30\u00a0&#8211; P\u00c9TERR\u00c9VE \u2013 Samu Mih\u00e1ly \u00c1.I. \u00a011.30\u00a0&#8211; \u00d3BECSE \u2013 Samu Mih\u00e1ly \u00c1.I.\u00a0\u00a0 \u00a012.45 &#8211; T\u00d6R\u00d6KBECSE \u2013 Miloje \u010cipli\u0107 \u00c1.I.\u00a0 \u00a014.15 &#8211; ADA \u2013 Cseh K\u00e1roly \u00c1.I.<span class=\"ellipsis\">&hellip;<\/span><\/p>\n<div class=\"read-more\"><a href=\"https:\/\/tg.edu.rs\/hun\/diaktoborzo-kampany-2013\/\">Tov\u00e1bb \u203a<\/a><\/div>\n<p><!-- end of .read-more --><\/p>\n","protected":false},"author":1,"featured_media":0,"parent":0,"menu_order":0,"comment_status":"open","ping_status":"open","template":"","meta":{"_mi_skip_tracking":false},"aioseo_notices":[],"_links":{"self":[{"href":"https:\/\/tg.edu.rs\/hun\/wp-json\/wp\/v2\/pages\/8555"}],"collection":[{"href":"https:\/\/tg.edu.rs\/hun\/wp-json\/wp\/v2\/pages"}],"about":[{"href":"https:\/\/tg.edu.rs\/hun\/wp-json\/wp\/v2\/types\/page"}],"author":[{"embeddable":true,"href":"https:\/\/tg.edu.rs\/hun\/wp-json\/wp\/v2\/users\/1"}],"replies":[{"embeddable":true,"href":"https:\/\/tg.edu.rs\/hun\/wp-json\/wp\/v2\/comments?post=8555"}],"version-history":[{"count":3,"href":"https:\/\/tg.edu.rs\/hun\/wp-json\/wp\/v2\/pages\/8555\/revisions"}],"predecessor-version":[{"id":8558,"href":"https:\/\/tg.edu.rs\/hun\/wp-json\/wp\/v2\/pages\/8555\/revisions\/8558"}],"wp:attachment":[{"href":"https:\/\/tg.edu.rs\/hun\/wp-json\/wp\/v2\/media?parent=8555"}],"curies":[{"name":"wp","href":"https:\/\/api.w.org\/{rel}","templated":true}]}}