{"id":83,"date":"2010-06-28T21:11:00","date_gmt":"2010-06-28T21:11:00","guid":{"rendered":"http:\/\/localhost\/wordpresshu\/"},"modified":"2026-02-23T17:16:29","modified_gmt":"2026-02-23T16:16:29","slug":"felveteli","status":"publish","type":"page","link":"https:\/\/tg.edu.rs\/hun\/felveteli\/","title":{"rendered":"Felv\u00e9teli"},"content":{"rendered":"<p>A gimn\u00e1ziumunk ir\u00e1nt \u00e9rdekl\u0151d\u0151 \u00e1ltal\u00e1nos iskol\u00e1s di\u00e1kok \u00e9s sz\u00fcleik minden inform\u00e1ci\u00f3t megtal\u00e1lhatnak ezen az oldalon.<\/p>\n<p>A felv\u00e9telit megel\u0151z\u0151 id\u0151szakban a Gimn\u00e1zium minden \u00e9vben <strong>KAMP\u00c1NYK\u00d6R\u00daTON<\/strong>\u00a0vesz r\u00e9sz, ut\u00e1na <strong>NYITOTT NAPOT<\/strong> tartunk ahol<strong>\u00a0<\/strong>vend\u00e9g\u00fcl l\u00e1tjuk iskol\u00e1nkban a felv\u00e9telizni sz\u00e1nd\u00e9koz\u00f3 di\u00e1kokat \u00e9s sz\u00fcleiket. (Felv\u00e9teli t\u00e1j\u00e9koztat\u00f3, bemutat\u00f3 \u00f3r\u00e1k, besz\u00e9lget\u00e9s di\u00e1kjainkkal, a gimn\u00e1zium \u00e9p\u00fclet\u00e9nek megtekint\u00e9se). Ezt k\u00f6vet\u0151en megszervezz\u00fck a<strong> FELV\u00c9TELI EL\u0150K\u00c9SZ\u00cdT\u0150T<\/strong>, amikor a di\u00e1kok az otthoni felk\u00e9sz\u00fcl\u00e9s sor\u00e1n felmer\u00fcl\u0151 k\u00e9rd\u00e9seikkel kereshetik fel a szaktan\u00e1rainkat.<\/p>\n<p><strong>FELV\u00c9TELI VIZSG\u00c1KRA <\/strong>2024. m\u00e1jus 10-19. k\u00f6z\u00f6tt ker\u00fcl sor, az \u00e9rdekl\u0151d\u0151ket \u00e9rtes\u00edtj\u00fck.<\/p>\n\n\t\t<style type=\"text\/css\">\n\t\t\t#gallery-1 {\n\t\t\t\tmargin: auto;\n\t\t\t}\n\t\t\t#gallery-1 .gallery-item {\n\t\t\t\tfloat: left;\n\t\t\t\tmargin-top: 10px;\n\t\t\t\ttext-align: center;\n\t\t\t\twidth: 33%;\n\t\t\t}\n\t\t\t#gallery-1 img {\n\t\t\t\tborder: 2px solid #cfcfcf;\n\t\t\t}\n\t\t\t#gallery-1 .gallery-caption {\n\t\t\t\tmargin-left: 0;\n\t\t\t}\n\t\t\t\/* see gallery_shortcode() in wp-includes\/media.php *\/\n\t\t<\/style>\n\t\t<div id='gallery-1' class='gallery galleryid-83 gallery-columns-3 gallery-size-responsive-200'><dl class='gallery-item'>\n\t\t\t<dt class='gallery-icon landscape'>\n\t\t\t\t<a href='https:\/\/tg.edu.rs\/hun\/wp-content\/uploads\/2010\/06\/f2.jpg'><img width=\"200\" height=\"136\" src=\"https:\/\/tg.edu.rs\/hun\/wp-content\/uploads\/2010\/06\/f2-200x136.jpg\" class=\"attachment-responsive-200 size-responsive-200\" alt=\"\" loading=\"lazy\" srcset=\"https:\/\/tg.edu.rs\/hun\/wp-content\/uploads\/2010\/06\/f2-200x136.jpg 200w, https:\/\/tg.edu.rs\/hun\/wp-content\/uploads\/2010\/06\/f2-480x326.jpg 480w, https:\/\/tg.edu.rs\/hun\/wp-content\/uploads\/2010\/06\/f2-1024x696.jpg 1024w, https:\/\/tg.edu.rs\/hun\/wp-content\/uploads\/2010\/06\/f2-250x170.jpg 250w, https:\/\/tg.edu.rs\/hun\/wp-content\/uploads\/2010\/06\/f2-300x204.jpg 300w, https:\/\/tg.edu.rs\/hun\/wp-content\/uploads\/2010\/06\/f2-100x68.jpg 100w, https:\/\/tg.edu.rs\/hun\/wp-content\/uploads\/2010\/06\/f2-150x102.jpg 150w, https:\/\/tg.edu.rs\/hun\/wp-content\/uploads\/2010\/06\/f2-450x306.jpg 450w, https:\/\/tg.edu.rs\/hun\/wp-content\/uploads\/2010\/06\/f2-600x408.jpg 600w, https:\/\/tg.edu.rs\/hun\/wp-content\/uploads\/2010\/06\/f2-900x612.jpg 900w, https:\/\/tg.edu.rs\/hun\/wp-content\/uploads\/2010\/06\/f2.jpg 1103w\" sizes=\"(max-width: 200px) 100vw, 200px\" \/><\/a>\n\t\t\t<\/dt><\/dl><dl class='gallery-item'>\n\t\t\t<dt class='gallery-icon landscape'>\n\t\t\t\t<a href='https:\/\/tg.edu.rs\/hun\/wp-content\/uploads\/2010\/06\/f3.jpg'><img width=\"200\" height=\"148\" src=\"https:\/\/tg.edu.rs\/hun\/wp-content\/uploads\/2010\/06\/f3-200x148.jpg\" class=\"attachment-responsive-200 size-responsive-200\" alt=\"\" loading=\"lazy\" srcset=\"https:\/\/tg.edu.rs\/hun\/wp-content\/uploads\/2010\/06\/f3-200x148.jpg 200w, https:\/\/tg.edu.rs\/hun\/wp-content\/uploads\/2010\/06\/f3-480x355.jpg 480w, https:\/\/tg.edu.rs\/hun\/wp-content\/uploads\/2010\/06\/f3-250x185.jpg 250w, https:\/\/tg.edu.rs\/hun\/wp-content\/uploads\/2010\/06\/f3-300x222.jpg 300w, https:\/\/tg.edu.rs\/hun\/wp-content\/uploads\/2010\/06\/f3-100x74.jpg 100w, https:\/\/tg.edu.rs\/hun\/wp-content\/uploads\/2010\/06\/f3-150x111.jpg 150w, https:\/\/tg.edu.rs\/hun\/wp-content\/uploads\/2010\/06\/f3-450x333.jpg 450w, https:\/\/tg.edu.rs\/hun\/wp-content\/uploads\/2010\/06\/f3-600x444.jpg 600w, https:\/\/tg.edu.rs\/hun\/wp-content\/uploads\/2010\/06\/f3-900x666.jpg 900w, https:\/\/tg.edu.rs\/hun\/wp-content\/uploads\/2010\/06\/f3.jpg 1013w\" sizes=\"(max-width: 200px) 100vw, 200px\" \/><\/a>\n\t\t\t<\/dt><\/dl><dl class='gallery-item'>\n\t\t\t<dt class='gallery-icon landscape'>\n\t\t\t\t<a href='https:\/\/tg.edu.rs\/hun\/wp-content\/uploads\/2010\/06\/f4.jpg'><img width=\"200\" height=\"148\" src=\"https:\/\/tg.edu.rs\/hun\/wp-content\/uploads\/2010\/06\/f4-200x148.jpg\" class=\"attachment-responsive-200 size-responsive-200\" alt=\"\" loading=\"lazy\" srcset=\"https:\/\/tg.edu.rs\/hun\/wp-content\/uploads\/2010\/06\/f4-200x148.jpg 200w, https:\/\/tg.edu.rs\/hun\/wp-content\/uploads\/2010\/06\/f4-480x355.jpg 480w, https:\/\/tg.edu.rs\/hun\/wp-content\/uploads\/2010\/06\/f4-250x185.jpg 250w, https:\/\/tg.edu.rs\/hun\/wp-content\/uploads\/2010\/06\/f4-300x222.jpg 300w, https:\/\/tg.edu.rs\/hun\/wp-content\/uploads\/2010\/06\/f4-100x74.jpg 100w, https:\/\/tg.edu.rs\/hun\/wp-content\/uploads\/2010\/06\/f4-150x111.jpg 150w, https:\/\/tg.edu.rs\/hun\/wp-content\/uploads\/2010\/06\/f4-450x333.jpg 450w, https:\/\/tg.edu.rs\/hun\/wp-content\/uploads\/2010\/06\/f4-600x444.jpg 600w, https:\/\/tg.edu.rs\/hun\/wp-content\/uploads\/2010\/06\/f4-900x666.jpg 900w, https:\/\/tg.edu.rs\/hun\/wp-content\/uploads\/2010\/06\/f4.jpg 1013w\" sizes=\"(max-width: 200px) 100vw, 200px\" \/><\/a>\n\t\t\t<\/dt><\/dl><br style=\"clear: both\" \/>\n\t\t<\/div>\n\n<p><strong>BEIRATKOZ\u00c1S A NYELVI \u00c9S A SZ\u00cdNH\u00c1Z-AUDIOVIZU\u00c1LIS M\u0170V\u00c9SZET SZAKRA:<\/strong> j\u00falius eleje-k\u00f6zepe (ezt az id\u0151pontot k\u00e9s\u0151bb hat\u00e1rozz\u00e1k meg).<\/p>\n<p><span style=\"text-decoration: underline;\"><strong>A NYELVI TAGOZATRA BEJUT\u00c1S FELT\u00c9TELEI:<\/strong><\/span><br \/>\nA felv\u00e9teli vizsg\u00e1n el kell \u00e9rni a minimum pontsz\u00e1mot (120 pontb\u00f3l 60-at) MINDK\u00c9T FELV\u00c9TELI T\u00c1RGYB\u00d3L: idegen nyelvb\u0151l \u00c9S magyar nyelv \u00e9s irodalomb\u00f3l IS. Ha b\u00e1rmelyik tant\u00e1rgyb\u00f3l kevesebb pontot kap, megbukik a felv\u00e9telin, m\u00e9g akkor is ha a m\u00e1sikb\u00f3l kiv\u00e1l\u00f3an teljes\u00edtett! \u00d6sszesen 240 pontot lehet szerezni a vizsg\u00e1n (120+120). A rangsorol\u00e1sn\u00e1l besz\u00e1m\u00edt a 6-8. oszt\u00e1ly tanulm\u00e1nyi \u00e1tlaga, k\u00f6zt\u00e1rsas\u00e1gi vagy nemzetk\u00f6zi versenyeken el\u00e9rt eredm\u00e9nyek. <strong>A rangsorban els\u0151 36 tanul\u00f3t vessz\u00fck fel angol \u00e9s 12 tanul\u00f3t n\u00e9met szakra.<\/strong><\/p>\n<p><a href=\"https:\/\/tg.edu.rs\/hun\/wp-content\/uploads\/2010\/06\/f5.jpg\"><img loading=\"lazy\" class=\"aligncenter size-full wp-image-13888\" src=\"https:\/\/tg.edu.rs\/hun\/wp-content\/uploads\/2010\/06\/f5.jpg\" alt=\"\" width=\"669\" height=\"500\" srcset=\"https:\/\/tg.edu.rs\/hun\/wp-content\/uploads\/2010\/06\/f5.jpg 669w, https:\/\/tg.edu.rs\/hun\/wp-content\/uploads\/2010\/06\/f5-320x240.jpg 320w, https:\/\/tg.edu.rs\/hun\/wp-content\/uploads\/2010\/06\/f5-480x359.jpg 480w, https:\/\/tg.edu.rs\/hun\/wp-content\/uploads\/2010\/06\/f5-250x187.jpg 250w, https:\/\/tg.edu.rs\/hun\/wp-content\/uploads\/2010\/06\/f5-300x224.jpg 300w, https:\/\/tg.edu.rs\/hun\/wp-content\/uploads\/2010\/06\/f5-100x75.jpg 100w, https:\/\/tg.edu.rs\/hun\/wp-content\/uploads\/2010\/06\/f5-150x112.jpg 150w, https:\/\/tg.edu.rs\/hun\/wp-content\/uploads\/2010\/06\/f5-200x149.jpg 200w, https:\/\/tg.edu.rs\/hun\/wp-content\/uploads\/2010\/06\/f5-450x336.jpg 450w, https:\/\/tg.edu.rs\/hun\/wp-content\/uploads\/2010\/06\/f5-600x448.jpg 600w\" sizes=\"(max-width: 669px) 100vw, 669px\" \/><\/a><\/p>\n<p><span style=\"text-decoration: underline;\"><strong>A SPORTTAGOZATRA BEJUT\u00c1S FELT\u00c9TELEI:<\/strong><\/span><br \/>\nRegisztr\u00e1lt sportklub-,\u00a0 t\u00e1ncklub-\u00a0vagy n\u00e9pt\u00e1ncegyes\u00fcleti\u00a0tags\u00e1g, a kis\u00e9retts\u00e9gi eredm\u00e9nyei, a 6\u20138. oszt\u00e1ly tanulm\u00e1nyi \u00e1tlaga. Plusz pontok: a Szerbiai Sportsz\u00f6vets\u00e9g\u00a0\u00e1ltal elismert k\u00f6zt\u00e1rsas\u00e1gi vagy nemzetk\u00f6zi szint\u0171 versenyeken el\u00e9rt eredm\u00e9nyek. A tagozatra legfeljebb\u00a0<strong>20 tanul\u00f3 jut be.<\/strong><\/p>\n<p><span style=\"text-decoration: underline;\"><strong>A SZ\u00cdNH\u00c1Z- \u00c9S AUDIOVIZU\u00c1LIS M\u0170V\u00c9SZET SZAKRA BEJUT\u00c1S FELT\u00c9TELEI:<\/strong><\/span><br \/>\nFelv\u00e9teli vizsga (\u00e1ltal\u00e1nos m\u0171velts\u00e9gi teszt magyar nyelv \u00e9s irodalom, t\u00f6rt\u00e9nelem, k\u00e9pz\u0151m\u0171v\u00e9szet \u00e9s zene tant\u00e1rgyakb\u00f3l, a kis\u00e9retts\u00e9gi eredm\u00e9nyei,\u00a0a 6\u20138. oszt\u00e1ly tanulm\u00e1nyi \u00e1tlaga.\u00a0A tagozatra legfeljebb\u00a0<strong>20 tanul\u00f3 jut be.<\/strong><\/p>\n<p><strong>BEIRATKOZ\u00c1S A SPORT TAGOZATRA<\/strong>\u00a0j\u00falius elej\u00e9n (ezt az id\u0151pontot is k\u00e9s\u0151bb hat\u00e1rozz\u00e1k meg)<\/p>\n<p>A Kosztol\u00e1nyi Gimn\u00e1ziumba felv\u00e9telt nyert tanul\u00f3k tanulm\u00e1nyi \u00e1tlagukt\u00f3l f\u00fcgg\u0151en juthatnak be a szabadkai Di\u00e1kotthonba.<\/p>\n<hr style=\"filter: alpha(opacity=100,finishopacity=0,style=3); height: 1px;\" \/>\n<h4 style=\"text-align: center;\"><span style=\"color: #ff0000;\"><strong>KAMP\u00c1NYBEMUTAT\u00d3 &#8211; SOK HASZNOS INFORM\u00c1CI\u00d3 EGY HELYEN<\/strong><\/span><\/h4>\n<p><iframe loading=\"lazy\" title=\"YouTube video player\" src=\"https:\/\/www.youtube.com\/embed\/lyTkkBK2WgY?si=dQk-wSYkTtDeWHiI\" width=\"560\" height=\"315\" frameborder=\"0\" allowfullscreen=\"allowfullscreen\"><\/iframe><\/p>\n<p><a href=\"https:\/\/www.tg.edu.rs\/downloads\/felveteli\/Kampany2023.pdf\" rel=\"attachment wp-att-17457\"><img loading=\"lazy\" class=\"aligncenter wp-image-17457 size-full\" src=\"https:\/\/tg.edu.rs\/hun\/wp-content\/uploads\/2023\/11\/Felveteli_tajekoztato.jpg\" alt=\"\" width=\"1000\" height=\"563\" \/><\/a><\/p>\n<hr style=\"filter: alpha(opacity=100,finishopacity=0,style=3); height: 1px;\" \/>\n<p><span style=\"text-decoration: underline;\"><strong>Az el\u0151z\u0151 \u00e9vek felv\u00e9teli tesztjeinek gy\u0171jtem\u00e9nye:<\/strong><\/span><\/p>\n<p style=\"text-align: center;\">A 2025-\u00f6s felv\u00e9teli vizsga tesztjei, anyanyelvb\u0151l, idegen nyelvb\u0151l \u00e9s m\u00e9di\u00e1b\u00f3l: <a href=\"https:\/\/www.tg.edu.rs\/downloads\/felveteli\/Teszt_2025.zip\">Let\u00f6lt\u00e9s<\/a><\/p>\n<p style=\"text-align: center;\">A 2024-es felv\u00e9teli vizsga tesztjei, anyanyelvb\u0151l, idegen nyelvb\u0151l \u00e9s m\u00e9di\u00e1b\u00f3l: <a href=\"https:\/\/www.tg.edu.rs\/downloads\/felveteli\/Teszt_2024.zip\">Let\u00f6lt\u00e9s<\/a><\/p>\n<p style=\"text-align: center;\">A 2023-as felv\u00e9teli vizsga tesztjei, anyanyelvb\u0151l, idegen nyelvb\u0151l \u00e9s m\u00e9di\u00e1b\u00f3l: <a href=\"https:\/\/www.tg.edu.rs\/downloads\/felveteli\/Teszt_2023.zip\">Let\u00f6lt\u00e9s<\/a><\/p>\n<p style=\"text-align: center;\">A 2022-es felv\u00e9teli vizsga tesztjei, anyanyelvb\u0151l, idegen nyelvb\u0151l \u00e9s m\u00e9di\u00e1b\u00f3l: <a href=\"https:\/\/www.tg.edu.rs\/downloads\/felveteli\/Teszt_2022.zip\">Let\u00f6lt\u00e9s<\/a><\/p>\n<p style=\"text-align: center;\">A 2021-es felv\u00e9teli vizsga tesztjei, anyanyelvb\u0151l, idegen nyelvb\u0151l \u00e9s m\u00e9di\u00e1b\u00f3l: <a href=\"https:\/\/tg.edu.rs\/hun\/wp-content\/uploads\/2022\/02\/Teszt_2021.zip\">Let\u00f6lt\u00e9s<\/a><\/p>\n<p style=\"text-align: center;\">A 2020-as felv\u00e9teli vizsga tesztjei, anyanyelvb\u0151l \u00e9s idegen nyelvb\u0151l: <a href=\"https:\/\/www.tg.edu.rs\/downloads\/felveteli\/Teszt_2020.zip\">Let\u00f6lt\u00e9shez kattints ide<\/a><\/p>\n<p style=\"text-align: center;\">A 2019-es felv\u00e9teli vizsga tesztjei, anyanyelvb\u0151l \u00e9s idegen nyelvb\u0151l: <a href=\"https:\/\/www.tg.edu.rs\/downloads\/felveteli\/Teszt_2019.zip\">Let\u00f6lt\u00e9shez kattints ide<\/a><\/p>\n<p style=\"text-align: center;\">A 2018-as felv\u00e9teli vizsga tesztjei, anyanyelvb\u0151l \u00e9s idegen nyelvb\u0151l: <a href=\"https:\/\/www.tg.edu.rs\/downloads\/felveteli\/Teszt_2018.zip\">Let\u00f6lt\u00e9shez kattints ide<\/a><\/p>\n<p style=\"text-align: center;\">A 2017-es felv\u00e9teli vizsga tesztjei, anyanyelvb\u0151l \u00e9s idegen nyelvb\u0151l: <a href=\"https:\/\/www.tg.edu.rs\/downloads\/felveteli\/Teszt_2017.zip\">Let\u00f6lt\u00e9shez kattints ide<\/a><\/p>\n<p style=\"text-align: center;\">A 2016-os felv\u00e9teli vizsga tesztjei, anyanyelvb\u0151l \u00e9s idegen nyelvb\u0151l: <a href=\"https:\/\/www.tg.edu.rs\/downloads\/felveteli\/Teszt_2016.zip\">Let\u00f6lt\u00e9shez kattints ide<\/a><\/p>\n<p style=\"text-align: center;\">A 2015-\u00f6s felv\u00e9teli vizsga tesztjei, anyanyelvb\u0151l \u00e9s idegen nyelvb\u0151l: <a href=\"https:\/\/www.tg.edu.rs\/downloads\/felveteli\/Teszt_2015.zip\">Let\u00f6lt\u00e9shez kattints ide<\/a><\/p>\n<p style=\"text-align: center;\">A 2014-es felv\u00e9teli vizsga tesztjei, anyanyelvb\u0151l \u00e9s idegen nyelvb\u0151l: <a href=\"https:\/\/www.tg.edu.rs\/downloads\/felveteli\/Teszt_2014.zip\">Let\u00f6lt\u00e9shez kattints ide<\/a><\/p>\n<p style=\"text-align: center;\">A 2013-as felv\u00e9teli vizsga tesztjei, anyanyelvb\u0151l \u00e9s idegen nyelvb\u0151l:\u00a0<a href=\"https:\/\/www.tg.edu.rs\/downloads\/felveteli\/Teszt_2013.zip\">Let\u00f6lt\u00e9shez kattints ide<\/a><\/p>\n<p style=\"text-align: center;\">A 2012-es felv\u00e9teli vizsga tesztjei, anyanyelvb\u0151l \u00e9s idegen nyelvb\u0151l:\u00a0<a href=\"https:\/\/www.tg.edu.rs\/downloads\/felveteli\/Teszt_2012.zip\">Let\u00f6lt\u00e9shez kattints ide<\/a><\/p>\n<p style=\"text-align: center;\">A 2011-es felv\u00e9teli vizsga tesztjei, anyanyelvb\u0151l \u00e9s idegen nyelvb\u0151l:\u00a0<a href=\"https:\/\/www.tg.edu.rs\/downloads\/felveteli\/Teszt_2011.zip\">Let\u00f6lt\u00e9shez kattints ide<\/a><\/p>\n<p style=\"text-align: center;\">A 2010-es felv\u00e9teli vizsga tesztjei, anyanyelvb\u0151l \u00e9s idegen nyelvb\u0151l:\u00a0<a href=\"https:\/\/www.tg.edu.rs\/downloads\/felveteli\/Teszt_2010.zip\">Let\u00f6lt\u00e9shez kattints ide<\/a><\/p>\n<p style=\"text-align: center;\">A 2009-es felv\u00e9teli vizsga tesztjei, anyanyelvb\u0151l \u00e9s idegen nyelvb\u0151l:\u00a0<a href=\"https:\/\/www.tg.edu.rs\/downloads\/felveteli\/Teszt_2009.zip\">Let\u00f6lt\u00e9shez kattints ide<\/a><\/p>\n<p style=\"text-align: center;\">A 2008-as felv\u00e9teli vizsga tesztjei, anyanyelvb\u0151l \u00e9s idegen nyelvb\u0151l:\u00a0<a href=\"https:\/\/www.tg.edu.rs\/downloads\/felveteli\/Teszt_2008.zip\">Let\u00f6lt\u00e9shez kattints ide<\/a><\/p>\n<p style=\"text-align: center;\">A 2007-es felv\u00e9teli vizsga tesztjei, anyanyelvb\u0151l \u00e9s idegen nyelvb\u0151l:\u00a0<a href=\"https:\/\/www.tg.edu.rs\/downloads\/felveteli\/Teszt_2007.zip\">Let\u00f6lt\u00e9shez kattints ide<\/a><\/p>\n<p style=\"text-align: center;\">A 2006-os felv\u00e9teli vizsga tesztjei, anyanyelvb\u0151l \u00e9s idegen nyelvb\u0151l:\u00a0<a href=\"https:\/\/www.tg.edu.rs\/downloads\/felveteli\/Teszt_2006.zip\">Let\u00f6lt\u00e9shez kattints ide<\/a><\/p>\n<p style=\"text-align: center;\">A 2005-\u00f6s felv\u00e9teli vizsga tesztjei, anyanyelvb\u0151l \u00e9s idegen nyelvb\u0151l:\u00a0<a href=\"https:\/\/www.tg.edu.rs\/downloads\/felveteli\/Teszt_2005.zip\">Let\u00f6lt\u00e9shez kattints ide<\/a><\/p>\n<p style=\"text-align: center;\">A 2004-es felv\u00e9teli vizsga tesztjei, anyanyelvb\u0151l \u00e9s idegen nyelvb\u0151l:\u00a0<a href=\"https:\/\/www.tg.edu.rs\/downloads\/felveteli\/Teszt_2004.zip\">Let\u00f6lt\u00e9shez kattints ide<\/a><\/p>\n<p style=\"text-align: center;\">A 2003-as felv\u00e9teli vizsga tesztjei, anyanyelvb\u0151l \u00e9s idegen nyelvb\u0151l:\u00a0<a href=\"https:\/\/www.tg.edu.rs\/downloads\/felveteli\/Teszt_2003.zip\">Let\u00f6lt\u00e9shez kattints ide<\/a><\/p>\n","protected":false},"excerpt":{"rendered":"<p>A gimn\u00e1ziumunk ir\u00e1nt \u00e9rdekl\u0151d\u0151 \u00e1ltal\u00e1nos iskol\u00e1s di\u00e1kok \u00e9s sz\u00fcleik minden inform\u00e1ci\u00f3t megtal\u00e1lhatnak ezen az oldalon. A felv\u00e9telit megel\u0151z\u0151 id\u0151szakban a Gimn\u00e1zium minden \u00e9vben KAMP\u00c1NYK\u00d6R\u00daTON\u00a0vesz r\u00e9sz, ut\u00e1na NYITOTT NAPOT tartunk ahol\u00a0vend\u00e9g\u00fcl l\u00e1tjuk iskol\u00e1nkban a felv\u00e9telizni sz\u00e1nd\u00e9koz\u00f3 di\u00e1kokat \u00e9s sz\u00fcleiket. (Felv\u00e9teli t\u00e1j\u00e9koztat\u00f3,<span class=\"ellipsis\">&hellip;<\/span><\/p>\n<div class=\"read-more\"><a href=\"https:\/\/tg.edu.rs\/hun\/felveteli\/\">Tov\u00e1bb \u203a<\/a><\/div>\n<p><!-- end of .read-more --><\/p>\n","protected":false},"author":1,"featured_media":0,"parent":0,"menu_order":4,"comment_status":"closed","ping_status":"closed","template":"","meta":{"_mi_skip_tracking":false},"aioseo_notices":[],"_links":{"self":[{"href":"https:\/\/tg.edu.rs\/hun\/wp-json\/wp\/v2\/pages\/83"}],"collection":[{"href":"https:\/\/tg.edu.rs\/hun\/wp-json\/wp\/v2\/pages"}],"about":[{"href":"https:\/\/tg.edu.rs\/hun\/wp-json\/wp\/v2\/types\/page"}],"author":[{"embeddable":true,"href":"https:\/\/tg.edu.rs\/hun\/wp-json\/wp\/v2\/users\/1"}],"replies":[{"embeddable":true,"href":"https:\/\/tg.edu.rs\/hun\/wp-json\/wp\/v2\/comments?post=83"}],"version-history":[{"count":91,"href":"https:\/\/tg.edu.rs\/hun\/wp-json\/wp\/v2\/pages\/83\/revisions"}],"predecessor-version":[{"id":17788,"href":"https:\/\/tg.edu.rs\/hun\/wp-json\/wp\/v2\/pages\/83\/revisions\/17788"}],"wp:attachment":[{"href":"https:\/\/tg.edu.rs\/hun\/wp-json\/wp\/v2\/media?parent=83"}],"curies":[{"name":"wp","href":"https:\/\/api.w.org\/{rel}","templated":true}]}}