{"id":74,"date":"2010-06-28T20:59:15","date_gmt":"2010-06-28T20:59:15","guid":{"rendered":"http:\/\/localhost\/wordpresshu\/?page_id=74"},"modified":"2026-03-05T20:50:52","modified_gmt":"2026-03-05T19:50:52","slug":"erettsegi","status":"publish","type":"page","link":"https:\/\/tg.edu.rs\/hun\/erettsegi\/","title":{"rendered":"\u00c9retts\u00e9gi"},"content":{"rendered":"<p>Az \u00e9retts\u00e9gi vizsga a k\u00f6z\u00e9piskolai tanulm\u00e1nyokat lez\u00e1r\u00f3 vizsga. Ezen az oldalon megtal\u00e1lsz minden inform\u00e1ci\u00f3t az \u00edr\u00e1sbeli \u00e9s a sz\u00f3beli vizsg\u00e1khoz, valamint az \u00e9retts\u00e9gi dolgozat kidolgoz\u00e1s\u00e1hoz sz\u00fcks\u00e9ges szab\u00e1lyokat.<\/p>\n<p style=\"text-align: left;\">Az \u00e9retts\u00e9gi dolgozat tartalmi \u00e9s formai k\u00f6vetelm\u00e9nyei, \u00e9rt\u00e9kel\u00e9s\u00e9nek szempontjai: <a href=\"https:\/\/www.tg.edu.rs\/downloads\/erettsegi\/Erettsegi_dolgozathoz.zip\">Let\u00f6lt\u00e9shez kattints ide<\/a><\/p>\n<p style=\"text-align: left;\">Minta az \u00e9retts\u00e9gi dolgozat elk\u00e9sz\u00edt\u00e9s\u00e9hez &#8211; magyar nyelv\u0171: <a href=\"https:\/\/www.tg.edu.rs\/downloads\/erettsegi\/Erettsegi_dolgozat_minta.zip\">Let\u00f6lt\u00e9shez kattints ide<\/a><\/p>\n<p style=\"text-align: left;\">Minta az \u00e9retts\u00e9gi dolgozat elk\u00e9sz\u00edt\u00e9s\u00e9hez &#8211; szerb nyelv\u0171: <a href=\"https:\/\/www.tg.edu.rs\/downloads\/erettsegi\/Sablon_za_maturski_rad.zip\">Let\u00f6lt\u00e9shez kattints ide<\/a><\/p>\n<hr style=\"filter: alpha(opacity=100,finishopacity=0,style=3); height: 1px;\" \/>\n<p style=\"text-align: left;\">\u00c9retts\u00e9gi t\u00e9telsor magyar nyelvtanb\u00f3l: <a href=\"https:\/\/www.tg.edu.rs\/downloads\/erettsegi\/Magyar_nyelv_erettsegi.zip\">Let\u00f6lt\u00e9shez kattints ide<\/a><\/p>\n<p style=\"text-align: left;\">\u00c9retts\u00e9gi t\u00e9telsor magyar irodalomb\u00f3l: <a href=\"https:\/\/www.tg.edu.rs\/downloads\/erettsegi\/Irodalom_erettsegi.zip\">Let\u00f6lt\u00e9shez kattints ide<\/a><\/p>\n<p style=\"text-align: left;\">\u00c9retts\u00e9gi t\u00e9telsor n\u00e9met nyelvb\u0151l: <a href=\"https:\/\/www.tg.edu.rs\/downloads\/erettsegi\/Nemet_erettsegi.zip\">Let\u00f6lt\u00e9shez kattints ide<\/a><\/p>\n<p style=\"text-align: left;\">\u00c9retts\u00e9gi t\u00e9telsor angol nyelvb\u0151l: <a href=\"https:\/\/www.tg.edu.rs\/downloads\/erettsegi\/Angol_erettsegi.zip\">Let\u00f6lt\u00e9shez kattints ide<\/a><\/p>\n<hr style=\"filter: alpha(opacity=100,finishopacity=0,style=3); height: 1px;\" \/>\n<p style=\"text-align: left;\">\u00c9retts\u00e9gi vizsga le\u00edr\u00e1sa magyar nyelvb\u0151l \u00e9s irodalomb\u00f3l (\u00e1ltal\u00e1nos tagozat): <a href=\"https:\/\/www.tg.edu.rs\/downloads\/erettsegi\/Kovetelmeny_MNYI_S.zip\">Let\u00f6lt\u00e9shez kattints ide<\/a><\/p>\n<p style=\"text-align: left;\">\u00c9retts\u00e9gi vizsga le\u00edr\u00e1sa magyar nyelvb\u0151l \u00e9s irodalomb\u00f3l (nyelvi tagozat): <a href=\"https:\/\/www.tg.edu.rs\/downloads\/erettsegi\/Kovetelmeny_MNYI_NY.zip\">Let\u00f6lt\u00e9shez kattints ide<\/a><\/p>\n","protected":false},"excerpt":{"rendered":"<p>Az \u00e9retts\u00e9gi vizsga a k\u00f6z\u00e9piskolai tanulm\u00e1nyokat lez\u00e1r\u00f3 vizsga. Ezen az oldalon megtal\u00e1lsz minden inform\u00e1ci\u00f3t az \u00edr\u00e1sbeli \u00e9s a sz\u00f3beli vizsg\u00e1khoz, valamint az \u00e9retts\u00e9gi dolgozat kidolgoz\u00e1s\u00e1hoz sz\u00fcks\u00e9ges szab\u00e1lyokat. Az \u00e9retts\u00e9gi dolgozat tartalmi \u00e9s formai k\u00f6vetelm\u00e9nyei, \u00e9rt\u00e9kel\u00e9s\u00e9nek szempontjai: Let\u00f6lt\u00e9shez kattints ide Minta<span class=\"ellipsis\">&hellip;<\/span><\/p>\n<div class=\"read-more\"><a href=\"https:\/\/tg.edu.rs\/hun\/erettsegi\/\">Tov\u00e1bb \u203a<\/a><\/div>\n<p><!-- end of .read-more --><\/p>\n","protected":false},"author":1,"featured_media":0,"parent":0,"menu_order":5,"comment_status":"closed","ping_status":"closed","template":"","meta":{"_mi_skip_tracking":false},"aioseo_notices":[],"_links":{"self":[{"href":"https:\/\/tg.edu.rs\/hun\/wp-json\/wp\/v2\/pages\/74"}],"collection":[{"href":"https:\/\/tg.edu.rs\/hun\/wp-json\/wp\/v2\/pages"}],"about":[{"href":"https:\/\/tg.edu.rs\/hun\/wp-json\/wp\/v2\/types\/page"}],"author":[{"embeddable":true,"href":"https:\/\/tg.edu.rs\/hun\/wp-json\/wp\/v2\/users\/1"}],"replies":[{"embeddable":true,"href":"https:\/\/tg.edu.rs\/hun\/wp-json\/wp\/v2\/comments?post=74"}],"version-history":[{"count":22,"href":"https:\/\/tg.edu.rs\/hun\/wp-json\/wp\/v2\/pages\/74\/revisions"}],"predecessor-version":[{"id":17790,"href":"https:\/\/tg.edu.rs\/hun\/wp-json\/wp\/v2\/pages\/74\/revisions\/17790"}],"wp:attachment":[{"href":"https:\/\/tg.edu.rs\/hun\/wp-json\/wp\/v2\/media?parent=74"}],"curies":[{"name":"wp","href":"https:\/\/api.w.org\/{rel}","templated":true}]}}