{"id":69,"date":"2010-06-28T20:52:26","date_gmt":"2010-06-28T20:52:26","guid":{"rendered":"http:\/\/localhost\/wordpresshu\/?page_id=69"},"modified":"2012-10-02T20:26:11","modified_gmt":"2012-10-02T18:26:11","slug":"hagyomanyaink","status":"publish","type":"page","link":"https:\/\/tg.edu.rs\/hun\/rolunk\/hagyomanyaink\/","title":{"rendered":"Hagyom\u00e1nyaink"},"content":{"rendered":"<h3>A M\u00daLT &#8211; ANYANYELV<\/h3>\n<p>Az anyanyelv haszn\u00e1lat\u00e1nak jelent\u0151s\u00e9g\u00e9t nem lehet el\u00e9gg\u00e9 hangs\u00falyozni. A nyelv \u00e9s a gondolkod\u00e1s elv\u00e1laszthatatlans\u00e1ga megc\u00e1folhatatlan t\u00e9ny. Az anyanyelv ismerete alapj\u00e1t k\u00e9pezi minden tov\u00e1bbi ismeretszerz\u00e9snek, ez\u00e9rt azok a fiatalok, akiket kisebbs\u00e9gi poz\u00edci\u00f3juk, megfoszt att\u00f3l a lehet\u0151s\u00e9gt\u0151l, hogy az anyanyelv\u00fck\u00f6n tanulhassanak, eleve h\u00e1tr\u00e1nyos helyzetb\u0151l indulnak. A nyelv ebben az esetben akad\u00e1lyk\u00e9nt \u00e9kel\u0151dik a tanul\u00f3 \u00e9s az ismeretanyag k\u00f6z\u00e9. Int\u00e9zm\u00e9ny\u00fcnk biztos\u00edtja a vajdas\u00e1gi magyar fiatalok sz\u00e1m\u00e1ra az anyanyelvi oktat\u00e1st, tov\u00e1bb\u00e1 nem elhanyagolhat\u00f3 az a k\u00f6r\u00fclm\u00e9ny sem, hogy miniszt\u00e9riumi enged\u00e9llyel a magyarorsz\u00e1gi tank\u00f6nyveket is haszn\u00e1lhatjuk. Iskol\u00e1nkban az anyanyelv oktat\u00e1s\u00e1ra k\u00fcl\u00f6n hangs\u00falyt fektett\u00fcnk. Nagy seg\u00edts\u00e9g\u00fcnkre van ebben az a sz\u00ednvonalas, hozz\u00e1\u00e9rt\u00e9ssel elk\u00e9sz\u00edtett \u00faj tanterv, melynek keret\u00e9ben a magyar nyelv \u00e9s az irodalom oktat\u00e1sa folyik.<\/p>\n<p>&#8220;Csak anyanyelvemen lehetek igaz\u00e1n \u00e9n. Ennek m\u00e9lys\u00e9ges m\u00e9ly\u00e9b\u0151l buzognak f\u00f6l az \u00f6ntudatlan sikolyok, a versek. Itt megfeledkezem arr\u00f3l, hogy besz\u00e9lek, \u00edrok.&#8221;<\/p>\n<p><em>Kosztol\u00e1nyi Dezs\u0151: Er\u0151s v\u00e1runk a nyelv<\/em><\/p>\n<h3>A JELEN &#8211; EU KAPU\u00a0\u2229<\/h3>\n<p>Vid\u00e9k\u00fcnk\u00f6n, Vajdas\u00e1gban, itt Szabadk\u00e1n a magyar hat\u00e1rt\u00f3l mind\u00f6ssze n\u00e9h\u00e1ny kilom\u00e9terre az EU helyett ink\u00e1bb az E<strong>\u2229<\/strong> szimb\u00f3lum lenne id\u0151szer\u0171, hisz mi valahol az Eur\u00f3pai Uni\u00f3 \u00e9s a Balk\u00e1n metszet\u00e9ben \u00e9l\u00fcnk. Kult\u00far\u00e1nkkal r\u00e9sze vagyunk Eur\u00f3p\u00e1nak, viszont ter\u00fcletileg a Balk\u00e1nhoz tartozunk.<br \/>\nNyitottak vagyunk az \u00fajra, ki\u00e9p\u00edtett kapcsolatrendszer\u00fcnk van magyarorsz\u00e1gi iskol\u00e1kkal \u00e9s int\u00e9zm\u00e9nyekkel. K\u00f6zelebb szeretn\u00e9nk hozni az Eur\u00f3pai uni\u00f3 \u00e9rt\u00e9keit tanul\u00f3ink sz\u00e1m\u00e1ra.<\/p>\n","protected":false},"excerpt":{"rendered":"<p>A M\u00daLT &#8211; ANYANYELV Az anyanyelv haszn\u00e1lat\u00e1nak jelent\u0151s\u00e9g\u00e9t nem lehet el\u00e9gg\u00e9 hangs\u00falyozni. A nyelv \u00e9s a gondolkod\u00e1s elv\u00e1laszthatatlans\u00e1ga megc\u00e1folhatatlan t\u00e9ny. Az anyanyelv ismerete alapj\u00e1t k\u00e9pezi minden tov\u00e1bbi ismeretszerz\u00e9snek, ez\u00e9rt azok a fiatalok, akiket kisebbs\u00e9gi poz\u00edci\u00f3juk, megfoszt att\u00f3l a lehet\u0151s\u00e9gt\u0151l, hogy<span class=\"ellipsis\">&hellip;<\/span><\/p>\n<div class=\"read-more\"><a href=\"https:\/\/tg.edu.rs\/hun\/rolunk\/hagyomanyaink\/\">Tov\u00e1bb \u203a<\/a><\/div>\n<p><!-- end of .read-more --><\/p>\n","protected":false},"author":1,"featured_media":0,"parent":200,"menu_order":1,"comment_status":"closed","ping_status":"closed","template":"","meta":{"_mi_skip_tracking":false},"aioseo_notices":[],"_links":{"self":[{"href":"https:\/\/tg.edu.rs\/hun\/wp-json\/wp\/v2\/pages\/69"}],"collection":[{"href":"https:\/\/tg.edu.rs\/hun\/wp-json\/wp\/v2\/pages"}],"about":[{"href":"https:\/\/tg.edu.rs\/hun\/wp-json\/wp\/v2\/types\/page"}],"author":[{"embeddable":true,"href":"https:\/\/tg.edu.rs\/hun\/wp-json\/wp\/v2\/users\/1"}],"replies":[{"embeddable":true,"href":"https:\/\/tg.edu.rs\/hun\/wp-json\/wp\/v2\/comments?post=69"}],"version-history":[{"count":1,"href":"https:\/\/tg.edu.rs\/hun\/wp-json\/wp\/v2\/pages\/69\/revisions"}],"predecessor-version":[{"id":986,"href":"https:\/\/tg.edu.rs\/hun\/wp-json\/wp\/v2\/pages\/69\/revisions\/986"}],"up":[{"embeddable":true,"href":"https:\/\/tg.edu.rs\/hun\/wp-json\/wp\/v2\/pages\/200"}],"wp:attachment":[{"href":"https:\/\/tg.edu.rs\/hun\/wp-json\/wp\/v2\/media?parent=69"}],"curies":[{"name":"wp","href":"https:\/\/api.w.org\/{rel}","templated":true}]}}