{"id":49,"date":"2010-06-28T20:12:17","date_gmt":"2010-06-28T19:12:17","guid":{"rendered":"http:\/\/localhost\/wordpresshu\/?page_id=49"},"modified":"2014-05-13T13:42:34","modified_gmt":"2014-05-13T11:42:34","slug":"elerhetoseg","status":"publish","type":"page","link":"https:\/\/tg.edu.rs\/hun\/elerhetoseg\/","title":{"rendered":"El\u00e9rhet\u0151s\u00e9g"},"content":{"rendered":"<p><iframe loading=\"lazy\" src=\"https:\/\/www.google.com\/maps\/embed?pb=!1m10!1m8!1m3!1d1383.2911613269532!2d19.658359398185382!3d46.09930235360167!3m2!1i1024!2i768!4f13.1!5e0!3m2!1sen!2sus!4v1399981323837\" width=\"600\" height=\"400\" frameborder=\"0\" style=\"border:0\"><\/iframe><\/p>\n<h3>KOSZTOL\u00c1NYI DEZS\u0150 TEHETS\u00c9GGONDOZ\u00d3 GIMN\u00c1ZIUM<\/h3>\n<p>C\u00edm: Fasizmus \u00e1ldozatainak tere 21., 24000 Szabadka &#8211; Szerbia<br \/>\nTelefon: + 381 (0)24\/670-860<br \/>\nFax:\u00a0+ 381 (0)24\/524-785<br \/>\ne-mail: <a href=\"mailto:office@tg.edu.rs\">office@tg.edu.rs<\/a><br \/>\nGPS: 46\u00b005&#8217;58.23&#8243; N, 19\u00b039&#8217;31.11&#8243; E<\/p>\n","protected":false},"excerpt":{"rendered":"<p>KOSZTOL\u00c1NYI DEZS\u0150 TEHETS\u00c9GGONDOZ\u00d3 GIMN\u00c1ZIUM C\u00edm: Fasizmus \u00e1ldozatainak tere 21., 24000 Szabadka &#8211; Szerbia Telefon: + 381 (0)24\/670-860 Fax:\u00a0+ 381 (0)24\/524-785 e-mail: office@tg.edu.rs GPS: 46\u00b005&#8217;58.23&#8243; N, 19\u00b039&#8217;31.11&#8243; E<\/p>\n","protected":false},"author":1,"featured_media":0,"parent":0,"menu_order":7,"comment_status":"closed","ping_status":"closed","template":"","meta":{"_mi_skip_tracking":false},"aioseo_notices":[],"_links":{"self":[{"href":"https:\/\/tg.edu.rs\/hun\/wp-json\/wp\/v2\/pages\/49"}],"collection":[{"href":"https:\/\/tg.edu.rs\/hun\/wp-json\/wp\/v2\/pages"}],"about":[{"href":"https:\/\/tg.edu.rs\/hun\/wp-json\/wp\/v2\/types\/page"}],"author":[{"embeddable":true,"href":"https:\/\/tg.edu.rs\/hun\/wp-json\/wp\/v2\/users\/1"}],"replies":[{"embeddable":true,"href":"https:\/\/tg.edu.rs\/hun\/wp-json\/wp\/v2\/comments?post=49"}],"version-history":[{"count":16,"href":"https:\/\/tg.edu.rs\/hun\/wp-json\/wp\/v2\/pages\/49\/revisions"}],"predecessor-version":[{"id":10701,"href":"https:\/\/tg.edu.rs\/hun\/wp-json\/wp\/v2\/pages\/49\/revisions\/10701"}],"wp:attachment":[{"href":"https:\/\/tg.edu.rs\/hun\/wp-json\/wp\/v2\/media?parent=49"}],"curies":[{"name":"wp","href":"https:\/\/api.w.org\/{rel}","templated":true}]}}