{"id":3636,"date":"2012-12-17T11:17:08","date_gmt":"2012-12-17T10:17:08","guid":{"rendered":"http:\/\/tg.edu.rs\/hun\/?page_id=3636"},"modified":"2021-11-30T20:09:13","modified_gmt":"2021-11-30T19:09:13","slug":"munkatarsak","status":"publish","type":"page","link":"https:\/\/tg.edu.rs\/hun\/rolunk\/munkatarsak\/","title":{"rendered":"Munkat\u00e1rsak"},"content":{"rendered":"<p>&nbsp;<\/p>\n<table class=\" aligncenter\" style=\"width: 500px;\" align=\"center\">\n<tbody>\n<tr>\n<td width=\"250\" height=\"80\"><img loading=\"lazy\" class=\"alignleft\" src=\"http:\/\/tg.edu.rs\/images\/teachers\/Nagy_Tibor.jpg\" alt=\"\" width=\"50\" height=\"57\" \/><strong>Nagy Tibor<\/strong><br \/>\nIgazgat\u00f3<\/td>\n<td width=\"250\" height=\"80\"><img loading=\"lazy\" class=\"alignleft\" src=\"http:\/\/tg.edu.rs\/images\/teachers\/female.jpg\" alt=\"\" width=\"50\" height=\"57\" \/><strong>Fremond M\u00f3nika<\/strong><br \/>\nn\u00e9met nyelv<\/td>\n<\/tr>\n<tr>\n<td width=\"250\" height=\"80\"><img loading=\"lazy\" class=\"alignleft\" src=\"http:\/\/tg.edu.rs\/images\/teachers\/female.jpg\" alt=\"\" width=\"50\" height=\"57\" \/><strong>S\u00f6rf\u0151z\u0151 Sz\u00fcgyi Judit<\/strong><br \/>\nmatematika<\/td>\n<td width=\"250\" height=\"80\"><img class=\"alignleft\" src=\"http:\/\/tg.edu.rs\/images\/teachers\/Dognar_Aleksandar.jpg\" alt=\"\" width=\"50\" \/><strong>Dognar Aleksandar<\/strong><br \/>\nszerb nyelv<\/td>\n<\/tr>\n<tr>\n<td width=\"250\" height=\"80\"><img class=\"alignleft\" src=\"http:\/\/tg.edu.rs\/images\/teachers\/female.jpg\" alt=\"\" width=\"50\" \/><strong>Varga Haller Bettina<\/strong><br \/>\ntestnevel\u00e9s, sport \u00e9s eg\u00e9szs\u00e9g<\/td>\n<td width=\"250\" height=\"80\"><img class=\"alignleft\" src=\"http:\/\/tg.edu.rs\/images\/teachers\/Kanyo_Ervin.jpg\" alt=\"\" width=\"50\" \/><strong>Kany\u00f3 Ervin<\/strong><br \/>\nk\u00e9pz\u0151m\u0171v\u00e9szet<\/td>\n<\/tr>\n<tr>\n<td width=\"250\" height=\"80\"><img class=\"alignleft\" src=\"http:\/\/tg.edu.rs\/images\/teachers\/female.jpg\" alt=\"\" width=\"50\" \/><strong>B\u00e1lint Emma<\/strong><br \/>\nangol nyelv<\/td>\n<td width=\"250\" height=\"80\"><img class=\"alignleft\" src=\"http:\/\/tg.edu.rs\/images\/teachers\/female.jpg\" alt=\"\" width=\"50\" \/><strong>Kati\u0107 Urb\u00e1n Adriena<\/strong><br \/>\nk\u00e9mia<\/td>\n<\/tr>\n<tr>\n<td width=\"250\" height=\"80\"><img class=\"alignleft\" src=\"http:\/\/tg.edu.rs\/images\/teachers\/male.jpg\" alt=\"\" width=\"50\" \/><strong>Szab\u00f3 Hunor<\/strong><br \/>\nt\u00f6rt\u00e9nelem<\/td>\n<td width=\"250\" height=\"80\"><img loading=\"lazy\" class=\"alignleft\" src=\"http:\/\/tg.edu.rs\/images\/teachers\/female.jpg\" alt=\"\" width=\"50\" height=\"57\" \/><strong>Pisty\u00e1k M\u00f3nika<\/strong><br \/>\npszichol\u00f3gus<\/td>\n<\/tr>\n<tr>\n<td width=\"250\" height=\"80\"><img loading=\"lazy\" class=\"alignleft\" src=\"http:\/\/tg.edu.rs\/images\/teachers\/male.jpg\" alt=\"\" width=\"50\" height=\"57\" \/><strong>Sz\u0171cs Gegely<\/strong><br \/>\nzenem\u0171v\u00e9szet<\/td>\n<td width=\"250\" height=\"80\"><img loading=\"lazy\" class=\"alignleft\" src=\"http:\/\/tg.edu.rs\/images\/teachers\/female.jpg\" alt=\"\" width=\"50\" height=\"57\" \/><strong>Farag\u00f3 Szilvia<\/strong><br \/>\nbiol\u00f3gia<\/td>\n<\/tr>\n<tr>\n<td width=\"250\" height=\"80\"><img class=\"alignleft\" src=\"http:\/\/tg.edu.rs\/images\/teachers\/male.jpg\" alt=\"\" width=\"50\" \/><strong>Stausz Zolt\u00e1n<\/strong><br \/>\ninformatika<\/td>\n<td width=\"250\" height=\"80\"><img class=\"alignleft\" src=\"http:\/\/tg.edu.rs\/images\/teachers\/Roncsak_P_Erika.jpg\" alt=\"\" width=\"50\" \/><strong>Roncs\u00e1k Petrovics Erika<\/strong><br \/>\npolg\u00e1ri nevel\u00e9s<\/td>\n<\/tr>\n<tr>\n<td width=\"250\" height=\"80\"><img loading=\"lazy\" class=\"alignleft\" src=\"http:\/\/tg.edu.rs\/images\/teachers\/female.jpg\" alt=\"\" width=\"50\" height=\"57\" \/><strong>Sz\u00e1las T\u00edmea<\/strong><br \/>\nangol nyelv<\/td>\n<td width=\"250\" height=\"80\"><img loading=\"lazy\" class=\"alignleft\" src=\"http:\/\/tg.edu.rs\/images\/teachers\/T_B_Kornelia.jpg\" alt=\"\" width=\"50\" height=\"57\" \/><strong>Tak\u00e1cs Borza Korn\u00e9lia<\/strong><br \/>\nlogika \/ filoz\u00f3fia \/ szociol\u00f3gia<\/td>\n<\/tr>\n<tr>\n<td width=\"250\" height=\"80\"><img class=\"alignleft\" src=\"http:\/\/tg.edu.rs\/images\/teachers\/Utcai_Robert.jpg\" alt=\"\" width=\"50\" \/><strong>Utcai R\u00f3bert<\/strong><br \/>\nhittan<\/td>\n<td width=\"250\" height=\"80\"><img class=\"alignleft\" src=\"http:\/\/tg.edu.rs\/images\/teachers\/Kohajda_Gizella.jpg\" alt=\"\" width=\"50\" \/><strong>Kohajda Gizella<\/strong><br \/>\nn\u00e9met nyelv<\/td>\n<\/tr>\n<tr>\n<td width=\"250\" height=\"80\"><img class=\"alignleft\" src=\"http:\/\/tg.edu.rs\/images\/teachers\/Tolnai_V_Piroska.jpg\" alt=\"\" width=\"50\" \/><strong>Tolnai Varga Piroska<\/strong><br \/>\nmagyar nyelv \/retor.\/ b. a nyelvtud.<\/td>\n<td width=\"250\" height=\"80\"><img class=\"alignleft\" src=\"http:\/\/tg.edu.rs\/images\/teachers\/Sinkovits_Bela.jpg\" alt=\"\" width=\"50\" \/><strong>Sinkovits B\u00e9la<\/strong><br \/>\ninformatika, matematika, k\u00f6nyvt\u00e1r<\/td>\n<\/tr>\n<tr>\n<td width=\"250\" height=\"80\"><img loading=\"lazy\" class=\"alignleft\" src=\"http:\/\/tg.edu.rs\/images\/teachers\/female.jpg\" alt=\"\" width=\"50\" height=\"57\" \/><strong>Bal\u00e1zs Piri Diana<\/strong><br \/>\nfizika<\/td>\n<td width=\"250\" height=\"80\"><img class=\"alignleft\" src=\"http:\/\/tg.edu.rs\/images\/teachers\/Varga_Gusztav.jpg\" alt=\"\" width=\"50\" \/><strong>Varga Guszt\u00e1v<\/strong><br \/>\nlatin nyelv, filoz\u00f3fia<\/td>\n<\/tr>\n<tr>\n<td width=\"250\" height=\"80\"><img class=\"alignleft\" src=\"http:\/\/tg.edu.rs\/images\/teachers\/Burnac_Gordana.jpg\" alt=\"\" width=\"50\" \/><strong>Burna\u0107 Gordana\u00a0<\/strong><br \/>\nf\u00f6ldrajz<\/td>\n<td width=\"250\" height=\"80\"><img loading=\"lazy\" class=\"alignleft\" src=\"http:\/\/tg.edu.rs\/images\/teachers\/female.jpg\" alt=\"\" width=\"50\" height=\"57\" \/><b>Bicskei Gabriella<\/b><br \/>\nmagyar nyelv \u00e9s irodalom<\/td>\n<\/tr>\n<tr>\n<td width=\"250\" height=\"80\"><img loading=\"lazy\" class=\"alignleft\" src=\"http:\/\/tg.edu.rs\/images\/teachers\/female.jpg\" alt=\"\" width=\"50\" height=\"57\" \/><strong>Mandi\u0107 Zorica<\/strong><br \/>\nfrancia nyelv<\/td>\n<td width=\"250\" height=\"80\"><img class=\"alignleft\" src=\"http:\/\/tg.edu.rs\/images\/teachers\/female.jpg\" alt=\"\" width=\"50\" \/><strong>Guly\u00e1s Franci\u0161kovi\u0107 Leon\u00f3ra<\/strong><br \/>\nangol nyelv<\/td>\n<\/tr>\n<tr>\n<td width=\"250\" height=\"80\"><img loading=\"lazy\" class=\"alignleft\" src=\"http:\/\/tg.edu.rs\/images\/teachers\/female.jpg\" alt=\"\" width=\"50\" height=\"57\" \/><strong>Minich Dob\u00f3 Margit<\/strong><br \/>\nn\u00e9met nyelv<\/td>\n<td width=\"250\" height=\"80\"><img class=\"alignleft\" src=\"http:\/\/tg.edu.rs\/images\/teachers\/male.jpg\" alt=\"\" width=\"50\" \/><strong>Nov\u00e1k K\u00e1roly Attila<\/strong><br \/>\nspanyol nyelv\/angol nyelv\/k\u00f6nyvt\u00e1r<\/td>\n<\/tr>\n<tr>\n<td width=\"250\" height=\"80\"><img class=\"alignleft\" src=\"http:\/\/tg.edu.rs\/images\/teachers\/female.jpg\" alt=\"\" width=\"50\" \/><strong>R\u00f3zsa Anita<\/strong><br \/>\nt\u00f6rt\u00e9nelem<\/td>\n<td width=\"250\" height=\"80\"><img loading=\"lazy\" class=\"alignleft\" src=\"http:\/\/tg.edu.rs\/images\/teachers\/male.jpg\" alt=\"\" width=\"50\" height=\"57\" \/><strong>Kopasz Tam\u00e1s<\/strong><br \/>\nmatematika<\/td>\n<\/tr>\n<tr>\n<td width=\"250\" height=\"80\"><img class=\"alignleft\" src=\"http:\/\/tg.edu.rs\/images\/teachers\/Molnar_Lidia.jpg\" alt=\"\" width=\"50\" \/><strong>Apr\u00f3 Lid\u00eda<\/strong><br \/>\nn\u00e9met nyelv<\/td>\n<td width=\"250\" height=\"80\"><img class=\"alignleft\" src=\"http:\/\/tg.edu.rs\/images\/teachers\/female.jpg\" alt=\"\" width=\"50\" \/><strong>Dukai Kunyi Szuzanna<\/strong><br \/>\nangol nyelv<\/td>\n<\/tr>\n<tr>\n<td width=\"250\" height=\"80\"><img class=\"alignleft\" src=\"http:\/\/tg.edu.rs\/images\/teachers\/Varga_Aniko.jpg\" alt=\"\" width=\"50\" \/><strong>Varga Anik\u00f3<\/strong><br \/>\nmagyar nyelv \u00e9s irodalom, b. a nyelvtud.<\/td>\n<td width=\"250\" height=\"80\"><img loading=\"lazy\" class=\"alignleft\" src=\"http:\/\/tg.edu.rs\/images\/teachers\/female.jpg\" alt=\"\" width=\"50\" height=\"57\" \/><strong>P\u00f3cik Samu Veronika<\/strong><br \/>\nn\u00e9met nyelv<\/td>\n<\/tr>\n<tr>\n<td width=\"250\" height=\"80\"><img class=\"alignleft\" src=\"http:\/\/tg.edu.rs\/images\/teachers\/Toth_Agota.jpg\" alt=\"\" width=\"50\" \/><strong>T\u00f3th \u00c1gota<\/strong><br \/>\nmagyar nyelv \u00e9s irodalom<\/td>\n<td width=\"250\" height=\"80\"><img loading=\"lazy\" class=\"alignleft\" src=\"http:\/\/tg.edu.rs\/images\/teachers\/female.jpg\" alt=\"\" width=\"50\" height=\"57\" \/><strong>Orovec B. R\u00f3zsa<\/strong><br \/>\nalkotm\u00e1nyoss\u00e1g \u00e9s polg\u00e1rjog<\/td>\n<\/tr>\n<tr>\n<td width=\"250\" height=\"80\"><img loading=\"lazy\" class=\"alignleft\" src=\"http:\/\/tg.edu.rs\/images\/teachers\/female.jpg\" alt=\"\" width=\"50\" height=\"57\" \/><strong>Munjin Andrea<\/strong><br \/>\nangol nyelv<\/td>\n<td width=\"250\" height=\"80\"><img loading=\"lazy\" class=\"alignleft\" src=\"http:\/\/tg.edu.rs\/images\/teachers\/male.jpg\" alt=\"\" width=\"50\" height=\"57\" \/><strong>Ber\u00e9nyi \u00c1kos<\/strong><br \/>\nangol nyelv<\/td>\n<\/tr>\n<tr>\n<td width=\"250\" height=\"80\"><img class=\"alignleft\" src=\"http:\/\/tg.edu.rs\/images\/teachers\/female.jpg\" alt=\"\" width=\"50\" \/><strong>S\u00edpos T\u00f6r\u00f6k Csilla<\/strong><br \/>\nn\u00e9met nyelv<\/td>\n<td width=\"250\" height=\"80\"><img class=\"alignleft\" src=\"http:\/\/tg.edu.rs\/images\/teachers\/female.jpg\" alt=\"\" width=\"50\" \/><strong>Ber\u00e9nyi Zita<\/strong><br \/>\nmagyar nyelv \u00e9s irodalom<\/td>\n<\/tr>\n<tr>\n<td width=\"250\" height=\"80\"><img class=\"alignleft\" src=\"http:\/\/tg.edu.rs\/images\/teachers\/female.jpg\" alt=\"\" width=\"50\" \/><strong>Patyerek R\u00e9ka<\/strong><br \/>\nmagyar nyelv \u00e9s irodalom<\/td>\n<td width=\"250\" height=\"80\"><img loading=\"lazy\" class=\"alignleft\" src=\"http:\/\/tg.edu.rs\/images\/teachers\/female.jpg\" alt=\"\" width=\"50\" height=\"57\" \/><strong>Kunyi Bettina<\/strong><br \/>\ntestnevel\u00e9s<\/td>\n<\/tr>\n<tr>\n<td width=\"250\" height=\"80\"><img class=\"alignleft\" src=\"http:\/\/tg.edu.rs\/images\/teachers\/male.jpg\" alt=\"\" width=\"50\" \/><strong>Varga Zolt\u00e1n<\/strong><br \/>\nmatematika \u00e9s fizika<\/td>\n<td width=\"250\" height=\"80\"><img loading=\"lazy\" class=\"alignleft\" src=\"http:\/\/tg.edu.rs\/images\/teachers\/female.jpg\" alt=\"\" width=\"50\" height=\"57\" \/><strong>Zveki\u0107 Sonja<\/strong><br \/>\nszerb nyelv<\/td>\n<\/tr>\n<tr>\n<td width=\"250\" height=\"80\"><img loading=\"lazy\" class=\"alignleft\" src=\"http:\/\/tg.edu.rs\/images\/teachers\/female.jpg\" alt=\"\" width=\"50\" height=\"57\" \/><strong>Varga Poly\u00e1k Szilvia<\/strong><br \/>\nk\u00f6nyvel\u0151<\/td>\n<td width=\"250\" height=\"80\"><img loading=\"lazy\" class=\"alignleft\" src=\"http:\/\/tg.edu.rs\/images\/teachers\/female.jpg\" alt=\"\" width=\"50\" height=\"57\" \/><strong>D\u00e9k\u00e1ny F\u00e1bi\u00e1n Stef\u00e1nia<\/strong><br \/>\ntitk\u00e1r<\/td>\n<\/tr>\n<tr>\n<td width=\"250\" height=\"80\"><img class=\"alignleft\" src=\"http:\/\/tg.edu.rs\/images\/teachers\/male.jpg\" alt=\"\" width=\"50\" \/><strong>S\u00edpos Ern\u0151<\/strong><br \/>\nh\u00e1zmester\/f\u0171t\u0151<\/td>\n<td width=\"250\" height=\"80\"><img class=\"alignleft\" src=\"http:\/\/tg.edu.rs\/images\/teachers\/female.jpg\" alt=\"\" width=\"50\" \/><strong>Gera M\u00f3nika<\/strong><br \/>\ntakar\u00edt\u00f3<\/td>\n<\/tr>\n<tr>\n<td width=\"250\" height=\"80\"><img class=\"alignleft\" src=\"http:\/\/tg.edu.rs\/images\/teachers\/female.jpg\" alt=\"\" width=\"50\" \/><strong>\u0160ef\u010di\u0107 Erika<\/strong><br \/>\ntakar\u00edt\u00f3<\/td>\n<td width=\"250\" height=\"80\"><img loading=\"lazy\" class=\"alignleft\" src=\"http:\/\/tg.edu.rs\/images\/teachers\/female.jpg\" alt=\"\" width=\"50\" height=\"57\" \/><strong>Cs\u00e1k\u00e1ny M\u00e9sz\u00e1ros Ilona<\/strong><br \/>\ntakar\u00edt\u00f3<\/td>\n<\/tr>\n<tr>\n<td width=\"250\" height=\"80\"><img class=\"alignleft\" src=\"http:\/\/tg.edu.rs\/images\/teachers\/female.jpg\" alt=\"\" width=\"50\" \/><strong>Kiss \u00c1gnes<\/strong><br \/>\ntakar\u00edt\u00f3<\/td>\n<td width=\"250\" height=\"80\"><img loading=\"lazy\" class=\"alignleft\" src=\"http:\/\/tg.edu.rs\/images\/teachers\/female.jpg\" alt=\"\" width=\"50\" height=\"57\" \/><strong>V\u00e9n T\u00fcnde<\/strong><br \/>\ntakar\u00edt\u00f3<\/td>\n<\/tr>\n<tr>\n<td width=\"250\" height=\"80\"><img loading=\"lazy\" class=\"alignleft\" src=\"http:\/\/tg.edu.rs\/images\/teachers\/female.jpg\" alt=\"\" width=\"50\" height=\"57\" \/><strong>Moln\u00e1r Csik\u00f3s Leona<\/strong><br \/>\nadminisztrat\u00edv-p\u00e9nz\u00fcgyi munkat\u00e1rs<\/td>\n<td width=\"250\" height=\"80\"><img loading=\"lazy\" class=\"alignleft\" src=\"http:\/\/tg.edu.rs\/images\/teachers\/female.jpg\" alt=\"\" width=\"50\" height=\"57\" \/><strong>F\u00e1bij\u00e1n Laura<\/strong><br \/>\ntitk\u00e1r<\/td>\n<\/tr>\n<tr>\n<td width=\"250\" height=\"80\"><img loading=\"lazy\" class=\"alignleft\" src=\"http:\/\/tg.edu.rs\/images\/teachers\/female.jpg\" alt=\"\" width=\"50\" height=\"57\" \/><strong>Will \u00c1gnes<\/strong><br \/>\ntestnevel\u00e9s<\/td>\n<\/tr>\n<\/tbody>\n<\/table>\n","protected":false},"excerpt":{"rendered":"<p>&nbsp; Nagy Tibor Igazgat\u00f3 Fremond M\u00f3nika n\u00e9met nyelv S\u00f6rf\u0151z\u0151 Sz\u00fcgyi Judit matematika Dognar Aleksandar szerb nyelv Varga Haller Bettina testnevel\u00e9s, sport \u00e9s eg\u00e9szs\u00e9g Kany\u00f3 Ervin k\u00e9pz\u0151m\u0171v\u00e9szet B\u00e1lint Emma angol nyelv Kati\u0107 Urb\u00e1n Adriena k\u00e9mia Szab\u00f3 Hunor t\u00f6rt\u00e9nelem Pisty\u00e1k M\u00f3nika pszichol\u00f3gus<span class=\"ellipsis\">&hellip;<\/span><\/p>\n<div class=\"read-more\"><a href=\"https:\/\/tg.edu.rs\/hun\/rolunk\/munkatarsak\/\">Tov\u00e1bb \u203a<\/a><\/div>\n<p><!-- end of .read-more --><\/p>\n","protected":false},"author":1,"featured_media":0,"parent":200,"menu_order":0,"comment_status":"open","ping_status":"open","template":"","meta":{"_mi_skip_tracking":false},"aioseo_notices":[],"_links":{"self":[{"href":"https:\/\/tg.edu.rs\/hun\/wp-json\/wp\/v2\/pages\/3636"}],"collection":[{"href":"https:\/\/tg.edu.rs\/hun\/wp-json\/wp\/v2\/pages"}],"about":[{"href":"https:\/\/tg.edu.rs\/hun\/wp-json\/wp\/v2\/types\/page"}],"author":[{"embeddable":true,"href":"https:\/\/tg.edu.rs\/hun\/wp-json\/wp\/v2\/users\/1"}],"replies":[{"embeddable":true,"href":"https:\/\/tg.edu.rs\/hun\/wp-json\/wp\/v2\/comments?post=3636"}],"version-history":[{"count":68,"href":"https:\/\/tg.edu.rs\/hun\/wp-json\/wp\/v2\/pages\/3636\/revisions"}],"predecessor-version":[{"id":17443,"href":"https:\/\/tg.edu.rs\/hun\/wp-json\/wp\/v2\/pages\/3636\/revisions\/17443"}],"up":[{"embeddable":true,"href":"https:\/\/tg.edu.rs\/hun\/wp-json\/wp\/v2\/pages\/200"}],"wp:attachment":[{"href":"https:\/\/tg.edu.rs\/hun\/wp-json\/wp\/v2\/media?parent=3636"}],"curies":[{"name":"wp","href":"https:\/\/api.w.org\/{rel}","templated":true}]}}