{"id":3316,"date":"2003-11-10T13:09:09","date_gmt":"2003-11-10T12:09:09","guid":{"rendered":"http:\/\/tg.edu.rs\/hun\/?page_id=3316"},"modified":"2016-05-18T13:52:51","modified_gmt":"2016-05-18T11:52:51","slug":"rolunk-irtak","status":"publish","type":"page","link":"https:\/\/tg.edu.rs\/hun\/rolunk\/rolunk-irtak\/","title":{"rendered":"R\u00f3lunk \u00edrt\u00e1k"},"content":{"rendered":"<ul style=\"list-style-type: disc;\">\n<li>K\u00e1v\u00e9h\u00e1zid\u00e9z\u0151 \u2013 \u00fcnnepel a Kosztol\u00e1nyi Dezs\u0151 Tehets\u00e9ggondoz\u00f3 Gimn\u00e1zium<em> Pannon RTV<\/em>, 2016. \u00e1prilis 07. <a href=\"http:\/\/pannonrtv.com\/web2\/?p=264231\" target=\"_blank\">Olvasd el<\/a><\/li>\n<\/ul>\n<ul style=\"list-style-type: disc;\">\n<li>T\u00f3th Marcell: Hat\u00e1rokon \u00e9s kult\u00far\u00e1kon \u00e1tl\u00e9pve tal\u00e1lkoztak egym\u00e1ssal a gimnazist\u00e1k<em> szegedma.hu<\/em>, 2015. okt\u00f3ber 19. <a href=\"http:\/\/szegedma.hu\/hir\/szeged\/2015\/10\/hatarokon-es-kulturakon-atlepve-talalkoztak-egymassal-a-gimnazistak.html#more-581672\" target=\"_blank\">Olvasd el<\/a><\/li>\n<\/ul>\n<ul style=\"list-style-type: disc;\">\n<li>Kab\u00f3k Erika: Jel \u00e9s jelk\u00e9p<em> Magyar Sz\u00f3<\/em>, 2014. m\u00e1rcius 30. <a href=\"http:\/\/www.magyarszo.com\/hu\/2293\/hetvege\/109505\/Jel-%C3%A9s-jelk%C3%A9p.htm\" target=\"_blank\">Olvasd el<\/a><\/li>\n<\/ul>\n<ul style=\"list-style-type: disc;\">\n<li>T\u00e1pai Ren\u00e1ta: Barangol\u00f3s iskolanap<em> Magyar Sz\u00f3<\/em>, 2014. m\u00e1rcius 29. <a href=\"http:\/\/www.magyarszo.com\/hu\/2292\/kozelet_oktatas\/109555\/Barangol%C3%B3s-iskolanap.htm\" target=\"_blank\">Olvasd el<\/a><\/li>\n<\/ul>\n<ul style=\"list-style-type: disc;\">\n<li>S.L.: Makrokozmosz albatroszai<em> Magyar Sz\u00f3<\/em>, 2014. \u00e1prilis 03. <a href=\"http:\/\/www.magyarszo.com\/hu\/2297\/vajdasag_szabadka\/109736\/A-makrokozmosz-albatroszai.htm\" target=\"_blank\">Olvasd el<\/a><\/li>\n<\/ul>\n<ul style=\"list-style-type: disc;\">\n<li>GYG: \u00d6sszefog\u00e1ssal \u00e9s hittel<em> H\u00e9t Nap<\/em>, 2013. \u00e1prilis 03.\u00a0<a href=\"http:\/\/hetnap.rs\/cikk\/Osszefogassal-es-hittel-13871.html\" target=\"_blank\">Olvasd el<\/a><\/li>\n<\/ul>\n<ul style=\"list-style-type: disc;\">\n<li>T\u00e1pai Ren\u00e1ta: \u201eIsten \u00e9ltessen, Dezs\u0151 fiam!\u201d<em> Magyar Sz\u00f3<\/em>, 2013. m\u00e1rcius 29.\u00a0<a href=\"http:\/\/www.magyarszo.com\/hu\/1924\/kozelet_oktatas\/94475\/%E2%80%9EIsten-%C3%A9ltessen-Dezs%C5%91-fiam!%E2%80%9D.htm\" target=\"_blank\">Olvasd el<\/a><\/li>\n<\/ul>\n<ul style=\"list-style-type: disc;\">\n<li>Basity Gr\u00e9ta: 10 \u00e9ves a szabadkai Kosztol\u00e1nyi Dezs\u0151 Tehets\u00e9ggondoz\u00f3 Gimn\u00e1zium<em> Vajdas\u00e1gMA<\/em>, 2013. m\u00e1rcius 28.\u00a0<a href=\"http:\/\/www.vajma.info\/cikk\/tukor\/5513\/\" target=\"_blank\">Olvasd el<\/a><\/li>\n<\/ul>\n<ul style=\"list-style-type: disc;\">\n<li>\u00dcnnepel a Kosztol\u00e1nyi Dezs\u0151 Gimn\u00e1zium<em> Pannon TV<\/em>, 2012. m\u00e1rcius 28.\u00a0<a href=\"http:\/\/pannonrtv.com\/web\/?p=53549\" target=\"_blank\">N\u00e9zd meg<\/a><\/li>\n<\/ul>\n<ul style=\"list-style-type: disc;\">\n<li>Orosz Ibolya: Kosztol\u00e1nyisok<em> H\u00e9t Nap<\/em>, 2013. m\u00e1rcius 27. <a href=\"http:\/\/hetnap.rs\/cikk\/Kosztolanyisok-13806.html\" target=\"_blank\">Olvasd el<\/a><\/li>\n<\/ul>\n<ul style=\"list-style-type: disc;\">\n<li>Varga Anik\u00f3: 10 \u00e9ves a Kosztol\u00e1nyi Dezs\u0151 Tehets\u00e9ggondoz\u00f3 Gimn\u00e1zium (2003\u20132013),<em> Magyar Sz\u00f3<\/em>, 2013. febru\u00e1r 14.\u00a0<a href=\"http:\/\/www.magyarszo.com\/hu\/1881\/kozelet_oktatas\/92213\/10-%C3%A9ves-a-Kosztol%C3%A1nyi-Dezs%C5%91-Tehets%C3%A9ggondoz%C3%B3-Gimn%C3%A1zium-(2003%E2%80%932013).htm\" target=\"_blank\">Olvasd el<\/a><\/li>\n<\/ul>\n<ul style=\"list-style-type: disc;\">\n<li>Hana \u010camd\u017eija: Kako ubediti slu\u0161aoca,<em> 5 plus<\/em>. \u00a02012. november 28.\u00a0<a href=\"http:\/\/www.petplus.rs\/subotica\/item\/311-kako-ubediti-slu%C5%A1aoca\" target=\"_blank\">Olvasd el<\/a><\/li>\n<\/ul>\n<ul style=\"list-style-type: disc;\">\n<li>Hana \u010camd\u017eija: Otvorite \u0161irom o\u010di!,<em> 5 plus<\/em>. \u00a02012. november 21.\u00a0<a href=\"http:\/\/www.petplus.rs\/subotica\/item\/312-otvorite-%C5%A1irom-o%C4%8Di\" target=\"_blank\">Olvasd el<\/a><\/li>\n<\/ul>\n<ul style=\"list-style-type: disc;\">\n<li>T\u00e1pai Ren\u00e1ta: Nagy munka eredm\u00e9nye.<em> Magyar Sz\u00f3<\/em>, 2012. j\u00falius 18.\u00a0<a href=\"http:\/\/magyarszo.com\/fex.page:2012-07-18_Nagy_munka_eredmenye.xhtml\" target=\"_blank\">Olvasd el<\/a><\/li>\n<\/ul>\n<ul style=\"list-style-type: disc;\">\n<li>L\u00e9gg\u00f6mb\u00f6kkel teli \u00e9gbolt.<em> Magyar Sz\u00f3<\/em>, 2012. m\u00e1jus 27.\u00a0<a href=\"http:\/\/www.magyarszo.com\/hu\/2012_05_27\/kozelet\/26780\/L%C3%A9gg%C3%B6mb%C3%B6kkel-teli-%C3%A9gbolt.htm\" target=\"_blank\">Olvasd el<\/a><\/li>\n<\/ul>\n<ul style=\"list-style-type: disc;\">\n<li>L.M.: A j\u00f6v\u0151 gener\u00e1ci\u00f3inak szeretettel.<em> K\u00e9pes Ifj\u00fas\u00e1g,<\/em> 2012. m\u00e1jus 09. <a href=\"http:\/\/www.kepesifi.com\/fex.page:2012-05-09_A_jovo_generacioinak_szeretettel.xhtml\" target=\"_blank\">Olvasd el<\/a><\/li>\n<\/ul>\n<ul style=\"list-style-type: disc;\">\n<li>Szab\u00f3 Ang\u00e9la: H\u00e1rom egyes fejenk\u00e9nt az elit iskol\u00e1ban!<em> Vajdas\u00e1g Ma<\/em>\u00a0h\u00edrport\u00e1l, 2012. \u00e1prilis 16. [k\u00fcl\u00f6n\u00f6s tekintettel a cikkhez kapcsol\u00f3d\u00f3 kommentekre!]\u00a0<a href=\"http:\/\/www.vajma.info\/cikk\/tukor\/4872\/\" target=\"_blank\">Olvasd el<\/a><\/li>\n<\/ul>\n<ul style=\"list-style-type: disc;\">\n<li>Berec S\u00e1ra: \u00a0T\u00f6rt\u00e9nelem, egy kicsit m\u00e1sk\u00e9pp.<em> K\u00e9pes Ifj\u00fas\u00e1g,<\/em>\u00a02012. m\u00e1rcius 30.\u00a0<a href=\"http:\/\/www.xn--kpesifi-bya.com\/fex.page:2012-03-30_Nyilt_szini_tortenelemorat_tartott_a_Kosztolanyi\" target=\"_blank\">Olvasd el<\/a><\/li>\n<\/ul>\n<ul style=\"list-style-type: disc;\">\n<li>Iskolanap Kosztol\u00e1nyi sz\u00fclet\u00e9snapj\u00e1n.<em> Pannon TV<\/em>, 2012. m\u00e1rcius 29.\u00a0<a href=\"http:\/\/pannonrtv.com\/web\/?p=4620\" target=\"_blank\">N\u00e9zd meg<\/a><\/li>\n<\/ul>\n<ul style=\"list-style-type: disc;\">\n<li>T\u00e1pai Ren\u00e1ta: Sz\u00ednes \u00f6sszecsap\u00e1s.<em> Magyar Sz\u00f3<\/em>,\u00a0 2012. m\u00e1rcius 16.\u00a0<a href=\"http:\/\/magyarszo.com\/fex.page:2012-03-16_Szines_osszecsapas.xhtml\" target=\"_blank\">Olvasd el<\/a><\/li>\n<\/ul>\n<ul style=\"list-style-type: disc;\">\n<li>Tatjana Mandi\u0107 Taka\u010d: Li\u010de na zapad.<em> 5 plus<\/em>. \u00a02011. augusztus 05.\u00a0<a href=\"http:\/\/www.petplus.rs\/subotica\/item\/12-lice-na-zapad\" target=\"_blank\">Olvasd el<\/a><\/li>\n<\/ul>\n<ul style=\"list-style-type: disc;\">\n<li>Klebecsk\u00f3 \u00c1d\u00e1m: A kolesz mint a di\u00e1kok \u201eb\u00f6rt\u00f6ne\u201d, a f\u00fcgg\u00f6ny m\u00f6g\u00fcl.<em> K\u00e9pes Ifj\u00fas\u00e1g<\/em>, 2011. j\u00fanius 02.\u00a0<a href=\"http:\/\/www.kepesifi.com\/fex.page:2011-06-02_A_kolesz_mint_a_diakok_bortone_a_fuggony_mogul\" target=\"_blank\">Olvasd el<\/a><\/li>\n<\/ul>\n<ul style=\"list-style-type: disc;\">\n<li>Iskolanap a tehets\u00e9ggondoz\u00f3 gimn\u00e1ziumban.<em> H\u00e9t Nap<\/em>, 2011. m\u00e1rcius 30.\u00a0<a href=\"http:\/\/hetnap.rs\/cikk\/Iskolanap-a-tehetseggondozo-gimnaziumban-9811.html?PHPSESSID=ce9318626ad925c8807851c9b7e44e98\" target=\"_blank\">Olvasd el<\/a><\/li>\n<\/ul>\n<ul style=\"list-style-type: disc;\">\n<li>T\u00e1pai Ren\u00e1ta: Mad\u00e1rraj a gimn\u00e1ziumban.<em> Magyar Sz\u00f3<\/em>,\u00a0 2011. m\u00e1rcius 25.\u00a0<a href=\"http:\/\/www.magyarszo.com\/hu\/2011_03_25\/kultura\/20527\/Mad%C3%A1rraj-a-gimn%C3%A1ziumban.htm\" target=\"_blank\">Olvasd el<\/a><\/li>\n<\/ul>\n<ul style=\"list-style-type: disc;\">\n<li>Nemes Aranka:\u00a0 Ha bejutsz, tov\u00e1bbjutsz.<em> K\u00e9pes Ifj\u00fas\u00e1g,<\/em> 2010. m\u00e1jus 29.\u00a0<a href=\"http:\/\/www.kepesifi.com\/fex.page:2010-05-29_Ha_bejutsz_tovabbjutsz.xhtml\" target=\"_blank\">Olvasd el<\/a><\/li>\n<\/ul>\n<ul style=\"list-style-type: disc;\">\n<li>T\u00f3m\u00f3 Margar\u00e9ta:\u00a0 Bizalomr\u00f3l, sikerekr\u0151l \u00e9s a fiatalok helyzet\u00e9r\u0151l<em> 5 plus<\/em> 2010. \u00e1prilis\u00a0<a href=\"http:\/\/www.tg.edu.rs\/downloads\/cikkek\/varga_aniko_5+.jpg\" target=\"_blank\">Olvasd el<\/a><\/li>\n<\/ul>\n<ul style=\"list-style-type: disc;\">\n<li>T\u00e1pai Ren\u00e1ta:\u00a0 Kosztol\u00e1nyi s\u00e1lja.<em> Magyar Sz\u00f3<\/em> 2010. m\u00e1rcius 12.\u00a0<a href=\"http:\/\/www.magyarszo.com\/hu\/2010_03_12\/kultura\/17181\/\" target=\"_blank\">Olvasd el<\/a><\/li>\n<\/ul>\n<ul style=\"list-style-type: disc;\">\n<li>T\u00e1pai Ren\u00e1ta:\u00a0 Iskolapszichol\u00f3gusok kellenek!<em> Magyar Sz\u00f3<\/em>, 2008. \u00e1prilis 26.\u00a0<a href=\"http:\/\/archiv.magyarszo.com\/arhiva\/2008\/04\/26\/main.php?l=b11.htm\" target=\"_blank\">Olvasd el<\/a><\/li>\n<\/ul>\n<ul style=\"list-style-type: disc;\">\n<li>T\u00e1pai Ren\u00e1ta:\u00a0 A tehets\u00e9gek \u00e9rv\u00e9nyes\u00fcl\u00e9s\u00e9\u00e9rt.<em> Magyar Sz\u00f3<\/em>, 2008. \u00e1prilis 01.\u00a0<a href=\"http:\/\/archiv.magyarszo.com\/arhiva\/2008\/04\/01\/main.php?l=b11.htm\" target=\"_blank\">Olvasd el<\/a><\/li>\n<\/ul>\n<ul style=\"list-style-type: disc;\">\n<li>Maul Borb\u00e1la:\u00a0 Tolnai Ott\u00f3 P\u00e9csett.<em> PTE B.M.GY.G.<\/em>, 2008. \u00e1prilis 01.\u00a0<a href=\"http:\/\/www.babits.pte.hu\/cikkek\/tolnai_otto_pecsett90224\" target=\"_blank\">Olvasd el<\/a><\/li>\n<\/ul>\n<ul style=\"list-style-type: disc;\">\n<li>Orosz Ibolya:\u00a0 Ballag az els\u0151 nemzed\u00e9k.<em> H\u00e9t Nap<\/em>, 2007. m\u00e1jus 23.\u00a0<a href=\"http:\/\/hetnap.rs\/cikk\/Ballag-az-elso-nemzedek-3696.html\" target=\"_blank\">Olvasd el<\/a><\/li>\n<\/ul>\n<ul style=\"list-style-type: disc;\">\n<li>A tehets\u00e9ggondoz\u00e1s kulcsmondatokban.<em> Magyar Sz\u00f3<\/em>, 2007. m\u00e1rcius 30.\u00a0<a href=\"http:\/\/archiv.magyarszo.com\/arhiva\/2007\/03\/30\/main.php?l=b11.htm\" target=\"_blank\">Olvasd el<\/a><\/li>\n<\/ul>\n<ul style=\"list-style-type: disc;\">\n<li>Orosz Ibolya: Ez m\u00e1r nem d\u00e9lib\u00e1b!<em> H\u00e9t Nap<\/em>, 2006. m\u00e1jus 07.\u00a0<a href=\"http:\/\/hetnap.rs\/cikk\/Ez-mar-nem-delibab-2195.html\" target=\"_blank\">Olvasd el<\/a><\/li>\n<\/ul>\n<ul style=\"list-style-type: disc;\">\n<li>Varga Anna: A Vajdas\u00e1g egyik gy\u00f6ngyszeme.<em> SZTE<\/em>, 2006. \u00e1prilis 10.\u00a0<a href=\"http:\/\/www.u-szeged.hu\/uj\/kapcsolatok\/vajdasag-egyik?objectParentFolderId=8456\" target=\"_blank\">Olvasd el<\/a><\/li>\n<\/ul>\n<ul style=\"list-style-type: disc;\">\n<li>Varga Anik\u00f3: A negyedik nemzed\u00e9k.<em> \u00daj K\u00e9p<\/em>, 2006. m\u00e1rcius\u00a0<a href=\"http:\/\/hu.scribd.com\/doc\/48035026\/Uj-Kep-2006-marcius\" target=\"_blank\">Olvasd el<\/a><\/li>\n<\/ul>\n<ul style=\"list-style-type: disc;\">\n<li>Mih\u00e1lyi Katalin:\u00a0 Mit\u0151l k\u00fcl\u00f6nleges a tehets\u00e9ggondoz\u00f3 gimn\u00e1zium?<em> Magyar Sz\u00f3<\/em>, 2005. j\u00fanius 21.\u00a0<a href=\"http:\/\/archiv.magyarszo.com\/arhiva\/2005\/06\/21\/main.php?l=kozelkep.htm\" target=\"_blank\">Olvasd el<\/a><\/li>\n<\/ul>\n<ul style=\"list-style-type: disc;\">\n<li>Kosztol\u00e1nyi-domborm\u0171 a gimn\u00e1ziumnak.<em> Magyar Sz\u00f3<\/em>, 2004. okt\u00f3ber 26.\u00a0<a href=\"http:\/\/hetnap.rs\/cikk\/Kosztolanyi-dombormu-a-gimnaziumnak-140.html\" target=\"_blank\">Olvasd el<\/a><\/li>\n<\/ul>\n<ul style=\"list-style-type: disc;\">\n<li>Mag\u00e1nk\u00f6nyvt\u00e1r a gimn\u00e1ziumnak.<em> Magyar Sz\u00f3<\/em>, 2004. febru\u00e1r 11.\u00a0<a href=\"http:\/\/archiv.magyarszo.com\/arhiva\/2004\/feb\/11\/main.php?l=szabadka.htm\" target=\"_blank\">Olvasd el<\/a><\/li>\n<\/ul>\n<ul style=\"list-style-type: disc;\">\n<li>Hev\u00e9r L\u00f3r\u00e1nt-M\u00e1ri\u00e1s Endre:\u00a0 A tehets\u00e9gek gimn\u00e1ziuma(i).<em> K\u00e9pes Ifj\u00fas\u00e1g<\/em>, 2003. okt\u00f3ber 1.\u00a0<a href=\"http:\/\/www.fapuma.hu\/terezapu\/kepes_ifi\/web_archiv\/2291\/kozelet.htm\" target=\"_blank\">Olvasd el<\/a><\/li>\n<\/ul>\n","protected":false},"excerpt":{"rendered":"<p>K\u00e1v\u00e9h\u00e1zid\u00e9z\u0151 \u2013 \u00fcnnepel a Kosztol\u00e1nyi Dezs\u0151 Tehets\u00e9ggondoz\u00f3 Gimn\u00e1zium Pannon RTV, 2016. \u00e1prilis 07. Olvasd el T\u00f3th Marcell: Hat\u00e1rokon \u00e9s kult\u00far\u00e1kon \u00e1tl\u00e9pve tal\u00e1lkoztak egym\u00e1ssal a gimnazist\u00e1k szegedma.hu, 2015. okt\u00f3ber 19. Olvasd el Kab\u00f3k Erika: Jel \u00e9s jelk\u00e9p Magyar Sz\u00f3, 2014. m\u00e1rcius<span class=\"ellipsis\">&hellip;<\/span><\/p>\n<div class=\"read-more\"><a href=\"https:\/\/tg.edu.rs\/hun\/rolunk\/rolunk-irtak\/\">Tov\u00e1bb \u203a<\/a><\/div>\n<p><!-- end of .read-more --><\/p>\n","protected":false},"author":1,"featured_media":0,"parent":200,"menu_order":0,"comment_status":"open","ping_status":"open","template":"","meta":{"_mi_skip_tracking":false},"aioseo_notices":[],"_links":{"self":[{"href":"https:\/\/tg.edu.rs\/hun\/wp-json\/wp\/v2\/pages\/3316"}],"collection":[{"href":"https:\/\/tg.edu.rs\/hun\/wp-json\/wp\/v2\/pages"}],"about":[{"href":"https:\/\/tg.edu.rs\/hun\/wp-json\/wp\/v2\/types\/page"}],"author":[{"embeddable":true,"href":"https:\/\/tg.edu.rs\/hun\/wp-json\/wp\/v2\/users\/1"}],"replies":[{"embeddable":true,"href":"https:\/\/tg.edu.rs\/hun\/wp-json\/wp\/v2\/comments?post=3316"}],"version-history":[{"count":33,"href":"https:\/\/tg.edu.rs\/hun\/wp-json\/wp\/v2\/pages\/3316\/revisions"}],"predecessor-version":[{"id":13179,"href":"https:\/\/tg.edu.rs\/hun\/wp-json\/wp\/v2\/pages\/3316\/revisions\/13179"}],"up":[{"embeddable":true,"href":"https:\/\/tg.edu.rs\/hun\/wp-json\/wp\/v2\/pages\/200"}],"wp:attachment":[{"href":"https:\/\/tg.edu.rs\/hun\/wp-json\/wp\/v2\/media?parent=3316"}],"curies":[{"name":"wp","href":"https:\/\/api.w.org\/{rel}","templated":true}]}}