{"id":296,"date":"2010-11-23T17:27:23","date_gmt":"2010-11-23T16:27:23","guid":{"rendered":"http:\/\/localhost\/wordpress\/?page_id=296"},"modified":"2018-09-05T12:43:38","modified_gmt":"2018-09-05T10:43:38","slug":"letoltes","status":"publish","type":"page","link":"https:\/\/tg.edu.rs\/hun\/letoltes\/","title":{"rendered":"Let\u00f6lt\u00e9s"},"content":{"rendered":"<ul>\n<li><a href=\"http:\/\/tg.edu.rs\/downloads\/letoltes\/Alapismeretek.zip\">T\u00f6rt\u00e9nelem\u00a0&#8211;\u00a0t\u00e9m\u00e1k\u00a0\u00e9s\u00a0felt\u00e9telek\u00a0a power point\u00a0bemutat\u00f3k\u00a0elk\u00e9sz\u00edt\u00e9s\u00e9re<\/a><\/li>\n<li><a href=\"http:\/\/tg.edu.rs\/downloads\/letoltes\/Kepzomuveszet.zip\">K\u00e9pz\u0151m\u0171v\u00e9szet<\/a><\/li>\n<li><a href=\"http:\/\/tg.edu.rs\/downloads\/letoltes\/Szamitastechnika%20I.zip\">Sz\u00e1m\u00edt\u00e1stechnika\u00a0\u00e9s\u00a0informatika I. &#8211; jegyzet<\/a><\/li>\n<li><a href=\"http:\/\/tg.edu.rs\/downloads\/letoltes\/Szamitastechnika%20II.zip\">Sz\u00e1m\u00edt\u00e1stechnika\u00a0\u00e9s\u00a0informatika II. &#8211; jegyzet<\/a><\/li>\n<li><a href=\"http:\/\/tg.edu.rs\/downloads\/letoltes\/Adatbazis_jegyzetek.zip\">Adatb\u00e1zisok &#8211; jegyzet<\/a><\/li>\n<li><a href=\"http:\/\/tg.edu.rs\/downloads\/letoltes\/Szamitogepes_grafika.zip\">Sz\u00e1m\u00edt\u00f3g\u00e9pes grafika &#8211; jegyzet<\/a><\/li>\n<li><a href=\"http:\/\/tg.edu.rs\/downloads\/letoltes\/Szamitogepes_halozatok.zip\">Sz\u00e1m\u00edt\u00f3g\u00e9pes h\u00e1l\u00f3zatok &#8211; jegyzet<\/a><\/li>\n<li><a href=\"http:\/\/tg.edu.rs\/downloads\/letoltes\/skripte slabiji.zip\">Srpski jezik \/ Szerb nyelv &#8211; skripte slabiji \/ kev\u00e9sb\u00e9 j\u00f3 csoport<\/a><\/li>\n<li><a href=\"http:\/\/tg.edu.rs\/downloads\/letoltes\/skripte bolji.zip\">Srpski jezik \/ Szerb nyelv- skripte bolji \/ jobb csoport<\/a><\/li>\n<li><a href=\"http:\/\/tg.edu.rs\/downloads\/letoltes\/gramatika.zip\">Srpski jezik \/ Szerb nyelv &#8211; gramatika \/ nyevtan<\/a><\/li>\n<li><a href=\"http:\/\/tg.edu.rs\/downloads\/letoltes\/vezbe.zip\">Srpski jezik \/ Szerb nyelv &#8211; ve\u017ebe \/ gyakorlatok<\/a><\/li>\n<\/ul>\n","protected":false},"excerpt":{"rendered":"<p>T\u00f6rt\u00e9nelem\u00a0&#8211;\u00a0t\u00e9m\u00e1k\u00a0\u00e9s\u00a0felt\u00e9telek\u00a0a power point\u00a0bemutat\u00f3k\u00a0elk\u00e9sz\u00edt\u00e9s\u00e9re K\u00e9pz\u0151m\u0171v\u00e9szet Sz\u00e1m\u00edt\u00e1stechnika\u00a0\u00e9s\u00a0informatika I. &#8211; jegyzet Sz\u00e1m\u00edt\u00e1stechnika\u00a0\u00e9s\u00a0informatika II. &#8211; jegyzet Adatb\u00e1zisok &#8211; jegyzet Sz\u00e1m\u00edt\u00f3g\u00e9pes grafika &#8211; jegyzet Sz\u00e1m\u00edt\u00f3g\u00e9pes h\u00e1l\u00f3zatok &#8211; jegyzet Srpski jezik \/ Szerb nyelv &#8211; skripte slabiji \/ kev\u00e9sb\u00e9 j\u00f3 csoport Srpski jezik \/ Szerb nyelv-<span class=\"ellipsis\">&hellip;<\/span><\/p>\n<div class=\"read-more\"><a href=\"https:\/\/tg.edu.rs\/hun\/letoltes\/\">Tov\u00e1bb \u203a<\/a><\/div>\n<p><!-- end of .read-more --><\/p>\n","protected":false},"author":1,"featured_media":0,"parent":0,"menu_order":6,"comment_status":"open","ping_status":"open","template":"","meta":{"_mi_skip_tracking":false},"aioseo_notices":[],"_links":{"self":[{"href":"https:\/\/tg.edu.rs\/hun\/wp-json\/wp\/v2\/pages\/296"}],"collection":[{"href":"https:\/\/tg.edu.rs\/hun\/wp-json\/wp\/v2\/pages"}],"about":[{"href":"https:\/\/tg.edu.rs\/hun\/wp-json\/wp\/v2\/types\/page"}],"author":[{"embeddable":true,"href":"https:\/\/tg.edu.rs\/hun\/wp-json\/wp\/v2\/users\/1"}],"replies":[{"embeddable":true,"href":"https:\/\/tg.edu.rs\/hun\/wp-json\/wp\/v2\/comments?post=296"}],"version-history":[{"count":15,"href":"https:\/\/tg.edu.rs\/hun\/wp-json\/wp\/v2\/pages\/296\/revisions"}],"predecessor-version":[{"id":15832,"href":"https:\/\/tg.edu.rs\/hun\/wp-json\/wp\/v2\/pages\/296\/revisions\/15832"}],"wp:attachment":[{"href":"https:\/\/tg.edu.rs\/hun\/wp-json\/wp\/v2\/media?parent=296"}],"curies":[{"name":"wp","href":"https:\/\/api.w.org\/{rel}","templated":true}]}}