{"id":293,"date":"2010-11-23T17:24:52","date_gmt":"2010-11-23T16:24:52","guid":{"rendered":"http:\/\/localhost\/wordpress\/?page_id=293"},"modified":"2017-03-22T20:45:38","modified_gmt":"2017-03-22T19:45:38","slug":"kapcsolatok","status":"publish","type":"page","link":"https:\/\/tg.edu.rs\/hun\/rolunk\/kapcsolatok\/","title":{"rendered":"Kapcsolatok"},"content":{"rendered":"<h3>KAPCSOLATAINK \u00c9S T\u00c1MOGAT\u00d3INK<\/h3>\n<p><a href=\"http:\/\/www.bolyai-zenta.edu.rs\/\" target=\"_blank\">Bolyai Tehets\u00e9ggondoz\u00f3 Gimn\u00e1zium \u00e9s Koll\u00e9gium<\/a>, Zenta<\/p>\n<p><a href=\"http:\/\/www.deakf-szeged.sulinet.hu\/\" target=\"_blank\">De\u00e1k Ferenc Gimn\u00e1zium<\/a>, Szeged<\/p>\n<p>Budapesti L\u00f3nyay utcai Reform\u00e1tus Gimn\u00e1zium<\/p>\n<p>Budapesti Egyetemi Katolikus Gimn\u00e1zium<\/p>\n<p>T\u00e1ltos Tehets\u00e9ggondoz\u00f3 \u00c1ltal\u00e1nos iskola, Gimn\u00e1zium \u00e9s Alapfok\u00fa M\u0171v\u00e9szeti Iskola<\/p>\n<p><a href=\"http:\/\/www.karlgimnazija.edu.rs\/\" target=\"_blank\">Karl\u00f3cai Nyelvi Gimn\u00e1zium<\/a><\/p>\n<p><a href=\"http:\/\/www.u-szeged.hu\/\" target=\"_blank\">A szegedi Tudom\u00e1nyegyetem tansz\u00e9kei<\/a>:<\/p>\n<p>&#8211; T\u00f6rt\u00e9nelem Tansz\u00e9k<\/p>\n<p>&#8211; <a href=\"http:\/\/www.arts.u-szeged.hu\/english\/\" target=\"_blank\">Angol Tansz\u00e9k<\/a><\/p>\n<p>&#8211; <a href=\"http:\/\/www.arts.u-szeged.hu\/american\/\" target=\"_blank\">Amerikanisztika Tansz\u00e9k<\/a><\/p>\n<p>&#8211; Szl\u00e1v Filol\u00f3giai Tansz\u00e9k<\/p>\n<p><a href=\"http:\/\/www.mnt.org.rs\/\" target=\"_blank\">Magyar Nemzeti Tan\u00e1cs<\/a><\/p>\n<p><a href=\"http:\/\/www.szlgbp.sulinet.hu\/\" target=\"_blank\">Budapest K\u0151b\u00e1nyai \u00d6nkorm\u00e1nyzat Szent L\u00e1szl\u00f3 Gimn\u00e1zium<\/a><\/p>\n<p><a href=\"https:\/\/www2.phbences.hu\/\" target=\"_blank\">Pannonhalmi Benc\u00e9s Gimn\u00e1zium<\/a><\/p>\n","protected":false},"excerpt":{"rendered":"<p>KAPCSOLATAINK \u00c9S T\u00c1MOGAT\u00d3INK Bolyai Tehets\u00e9ggondoz\u00f3 Gimn\u00e1zium \u00e9s Koll\u00e9gium, Zenta De\u00e1k Ferenc Gimn\u00e1zium, Szeged Budapesti L\u00f3nyay utcai Reform\u00e1tus Gimn\u00e1zium Budapesti Egyetemi Katolikus Gimn\u00e1zium T\u00e1ltos Tehets\u00e9ggondoz\u00f3 \u00c1ltal\u00e1nos iskola, Gimn\u00e1zium \u00e9s Alapfok\u00fa M\u0171v\u00e9szeti Iskola Karl\u00f3cai Nyelvi Gimn\u00e1zium A szegedi Tudom\u00e1nyegyetem tansz\u00e9kei: &#8211; T\u00f6rt\u00e9nelem<span class=\"ellipsis\">&hellip;<\/span><\/p>\n<div class=\"read-more\"><a href=\"https:\/\/tg.edu.rs\/hun\/rolunk\/kapcsolatok\/\">Tov\u00e1bb \u203a<\/a><\/div>\n<p><!-- end of .read-more --><\/p>\n","protected":false},"author":1,"featured_media":0,"parent":200,"menu_order":3,"comment_status":"open","ping_status":"closed","template":"","meta":{"_mi_skip_tracking":false},"aioseo_notices":[],"_links":{"self":[{"href":"https:\/\/tg.edu.rs\/hun\/wp-json\/wp\/v2\/pages\/293"}],"collection":[{"href":"https:\/\/tg.edu.rs\/hun\/wp-json\/wp\/v2\/pages"}],"about":[{"href":"https:\/\/tg.edu.rs\/hun\/wp-json\/wp\/v2\/types\/page"}],"author":[{"embeddable":true,"href":"https:\/\/tg.edu.rs\/hun\/wp-json\/wp\/v2\/users\/1"}],"replies":[{"embeddable":true,"href":"https:\/\/tg.edu.rs\/hun\/wp-json\/wp\/v2\/comments?post=293"}],"version-history":[{"count":5,"href":"https:\/\/tg.edu.rs\/hun\/wp-json\/wp\/v2\/pages\/293\/revisions"}],"predecessor-version":[{"id":14027,"href":"https:\/\/tg.edu.rs\/hun\/wp-json\/wp\/v2\/pages\/293\/revisions\/14027"}],"up":[{"embeddable":true,"href":"https:\/\/tg.edu.rs\/hun\/wp-json\/wp\/v2\/pages\/200"}],"wp:attachment":[{"href":"https:\/\/tg.edu.rs\/hun\/wp-json\/wp\/v2\/media?parent=293"}],"curies":[{"name":"wp","href":"https:\/\/api.w.org\/{rel}","templated":true}]}}