{"id":256,"date":"2010-11-22T21:29:46","date_gmt":"2010-11-22T21:29:46","guid":{"rendered":"http:\/\/localhost\/wordpress\/?page_id=256"},"modified":"2021-11-29T21:12:53","modified_gmt":"2021-11-29T20:12:53","slug":"nyelvi-tagozat","status":"publish","type":"page","link":"https:\/\/tg.edu.rs\/hun\/tagozatok\/nyelvi-tagozat\/","title":{"rendered":"Nyelvi tagozat"},"content":{"rendered":"<p>Az idegen nyelvek ismerete n\u00e9lk\u00fcl\u00f6zhetetlen k\u00f6vetelm\u00e9ny\u00e9v\u00e9 v\u00e1lt mindennapjainknak. Nem hagyhat\u00f3ak figyelmen k\u00edv\u00fcl az Eur\u00f3p\u00e1ban zajl\u00f3 esem\u00e9nyek; az Eur\u00f3pai Uni\u00f3 realit\u00e1ss\u00e1 v\u00e1lt, amely a fiatalok el\u0151tt ez eg\u00e9szen \u00faj lehet\u0151s\u00e9geket nyit. Boldogul\u00e1suknak, szabad mozg\u00e1suknak alapfelt\u00e9tel\u00e9t k\u00e9pezi a biztons\u00e1ggal haszn\u00e1lt, sz\u00ednvonalas nyelvismeret. Az iskol\u00e1nknak egyik alapvet\u0151 feladata a korszer\u0171 nyelvoktat\u00e1s. Hogy ennek a k\u00f6vetelm\u00e9nynek megfelelhess\u00fcnk, j\u00f3l k\u00e9pzett tan\u00e1raink \u00e9s korszer\u0171 taneszk\u00f6zeink vannak. Az els\u0151 idegen nyelvet a tanul\u00f3k heti 5 \u00f3r\u00e1ban, a m\u00e1sodikat pedig heti 3 \u00f3r\u00e1ban tanulj\u00e1k. Nyelvi laborokban, kis csoportokban folyik a munka. M\u00e1sodik oszt\u00e1lyt\u00f3l v\u00e1laszthatnak m\u00e9g egy nyelvet heti k\u00e9t \u00f3r\u00e1ban: egyel\u0151re ez a francia vagy a spanyol.<\/p>\n<p><strong>Az al\u00e1bbiakban a nyelvi tagozatok tant\u00e1rgyai \u00e9s a kapcsol\u00f3d\u00f3 \u00f3rasz\u00e1mok tanulm\u00e1nyozhat\u00f3ak.<\/strong><br \/>\n<a href=\"https:\/\/tg.edu.rs\/hun\/wp-content\/uploads\/2021\/11\/Nyelvi-tagozat-tant\u00e1rgyak-\u00f3rasz\u00e1mok-1.png\"><img loading=\"lazy\" class=\"aligncenter wp-image-17410 size-full\" src=\"https:\/\/tg.edu.rs\/hun\/wp-content\/uploads\/2021\/11\/Nyelvi-tagozat-tant\u00e1rgyak-\u00f3rasz\u00e1mok-1.png\" alt=\"\" width=\"789\" height=\"915\" srcset=\"https:\/\/tg.edu.rs\/hun\/wp-content\/uploads\/2021\/11\/Nyelvi-tagozat-tant\u00e1rgyak-\u00f3rasz\u00e1mok-1.png 789w, https:\/\/tg.edu.rs\/hun\/wp-content\/uploads\/2021\/11\/Nyelvi-tagozat-tant\u00e1rgyak-\u00f3rasz\u00e1mok-1-414x480.png 414w, https:\/\/tg.edu.rs\/hun\/wp-content\/uploads\/2021\/11\/Nyelvi-tagozat-tant\u00e1rgyak-\u00f3rasz\u00e1mok-1-250x290.png 250w, https:\/\/tg.edu.rs\/hun\/wp-content\/uploads\/2021\/11\/Nyelvi-tagozat-tant\u00e1rgyak-\u00f3rasz\u00e1mok-1-640x742.png 640w, https:\/\/tg.edu.rs\/hun\/wp-content\/uploads\/2021\/11\/Nyelvi-tagozat-tant\u00e1rgyak-\u00f3rasz\u00e1mok-1-100x116.png 100w, https:\/\/tg.edu.rs\/hun\/wp-content\/uploads\/2021\/11\/Nyelvi-tagozat-tant\u00e1rgyak-\u00f3rasz\u00e1mok-1-150x174.png 150w, https:\/\/tg.edu.rs\/hun\/wp-content\/uploads\/2021\/11\/Nyelvi-tagozat-tant\u00e1rgyak-\u00f3rasz\u00e1mok-1-200x232.png 200w, https:\/\/tg.edu.rs\/hun\/wp-content\/uploads\/2021\/11\/Nyelvi-tagozat-tant\u00e1rgyak-\u00f3rasz\u00e1mok-1-300x348.png 300w, https:\/\/tg.edu.rs\/hun\/wp-content\/uploads\/2021\/11\/Nyelvi-tagozat-tant\u00e1rgyak-\u00f3rasz\u00e1mok-1-450x522.png 450w, https:\/\/tg.edu.rs\/hun\/wp-content\/uploads\/2021\/11\/Nyelvi-tagozat-tant\u00e1rgyak-\u00f3rasz\u00e1mok-1-600x696.png 600w\" sizes=\"(max-width: 789px) 100vw, 789px\" \/><\/a><\/p>\n","protected":false},"excerpt":{"rendered":"<p>Az idegen nyelvek ismerete n\u00e9lk\u00fcl\u00f6zhetetlen k\u00f6vetelm\u00e9ny\u00e9v\u00e9 v\u00e1lt mindennapjainknak. Nem hagyhat\u00f3ak figyelmen k\u00edv\u00fcl az Eur\u00f3p\u00e1ban zajl\u00f3 esem\u00e9nyek; az Eur\u00f3pai Uni\u00f3 realit\u00e1ss\u00e1 v\u00e1lt, amely a fiatalok el\u0151tt ez eg\u00e9szen \u00faj lehet\u0151s\u00e9geket nyit. Boldogul\u00e1suknak, szabad mozg\u00e1suknak alapfelt\u00e9tel\u00e9t k\u00e9pezi a biztons\u00e1ggal haszn\u00e1lt, sz\u00ednvonalas nyelvismeret.<span class=\"ellipsis\">&hellip;<\/span><\/p>\n<div class=\"read-more\"><a href=\"https:\/\/tg.edu.rs\/hun\/tagozatok\/nyelvi-tagozat\/\">Tov\u00e1bb \u203a<\/a><\/div>\n<p><!-- end of .read-more --><\/p>\n","protected":false},"author":1,"featured_media":0,"parent":253,"menu_order":1,"comment_status":"open","ping_status":"open","template":"content-sidebar-page.php","meta":{"_mi_skip_tracking":false},"aioseo_notices":[],"_links":{"self":[{"href":"https:\/\/tg.edu.rs\/hun\/wp-json\/wp\/v2\/pages\/256"}],"collection":[{"href":"https:\/\/tg.edu.rs\/hun\/wp-json\/wp\/v2\/pages"}],"about":[{"href":"https:\/\/tg.edu.rs\/hun\/wp-json\/wp\/v2\/types\/page"}],"author":[{"embeddable":true,"href":"https:\/\/tg.edu.rs\/hun\/wp-json\/wp\/v2\/users\/1"}],"replies":[{"embeddable":true,"href":"https:\/\/tg.edu.rs\/hun\/wp-json\/wp\/v2\/comments?post=256"}],"version-history":[{"count":59,"href":"https:\/\/tg.edu.rs\/hun\/wp-json\/wp\/v2\/pages\/256\/revisions"}],"predecessor-version":[{"id":17424,"href":"https:\/\/tg.edu.rs\/hun\/wp-json\/wp\/v2\/pages\/256\/revisions\/17424"}],"up":[{"embeddable":true,"href":"https:\/\/tg.edu.rs\/hun\/wp-json\/wp\/v2\/pages\/253"}],"wp:attachment":[{"href":"https:\/\/tg.edu.rs\/hun\/wp-json\/wp\/v2\/media?parent=256"}],"curies":[{"name":"wp","href":"https:\/\/api.w.org\/{rel}","templated":true}]}}