{"id":1302,"date":"2012-10-25T21:02:22","date_gmt":"2012-10-25T19:02:22","guid":{"rendered":"http:\/\/tg.edu.rs\/hun\/?page_id=1302"},"modified":"2014-02-02T14:58:43","modified_gmt":"2014-02-02T13:58:43","slug":"felhasznalasi-feltetelek","status":"publish","type":"page","link":"https:\/\/tg.edu.rs\/hun\/felhasznalasi-feltetelek\/","title":{"rendered":"Felhaszn\u00e1l\u00e1si felt\u00e9telek"},"content":{"rendered":"<p>A tg.edu.rs honlapon (tov\u00e1bbiakban &#8220;honlap&#8221;) tal\u00e1lhat\u00f3 tartalom a Kosztol\u00e1nyi Dezs\u0151 Tehets\u00e9ggondoz\u00f3 Gimn\u00e1zium szellemi tulajdona.<\/p>\n<p>A\u00a0Kosztol\u00e1nyi Dezs\u0151 Tehets\u00e9ggondoz\u00f3 Gimn\u00e1zium fenntart minden, a honlap b\u00e1rmely r\u00e9sz\u00e9nek b\u00e1rmilyen m\u00f3dszerrel, technik\u00e1val t\u00f6rt\u00e9n\u0151 m\u00e1sol\u00e1s\u00e1val \u00e9s terjeszt\u00e9s\u00e9vel kapcsolatos jogot.<\/p>\n<p><strong>A honlapon tal\u00e1lhat\u00f3 inform\u00e1ci\u00f3k sem az eg\u00e9sz, sem pedig r\u00e9szei nem publik\u00e1lhat\u00f3k \u00e9s nem terjeszthet\u0151k a Kosztol\u00e1nyi Dezs\u0151 Tehets\u00e9ggondoz\u00f3 Gimn\u00e1zium\u00a0el\u0151zetes \u00edr\u00e1sos enged\u00e9lye n\u00e9lk\u00fcl.<\/strong>\u00a0Kinyomtathatja, felhaszn\u00e1lhatja ezeket az inform\u00e1ciokat, k\u00e9peket szem\u00e9lyes vagy oktat\u00e1si c\u00e9lzattal azzal a felt\u00e9tellel, hogy nem m\u00f3dositja az inform\u00e1ci\u00f3t \u00e9s a copyright-ra val\u00f3 eredeti utal\u00e1st (bele\u00e9rtve ezt a jegyzetet is) minden m\u00e1solaton felt\u00fcnteti.<\/p>\n<p>A honlapon lehetnek k\u00fcls\u0151 weboldalra, k\u00e9pre, vide\u00f3ra, egy\u00e9b forr\u00e1sra mutat\u00f3 linkek, tov\u00e1bb\u00e1 a\u00a0honlapon lehetnek \u00a0k\u00e9pek, vide\u00f3k, egy\u00e9b inform\u00e1ci\u00f3k, amelyek a forr\u00e1s k\u00f6zz\u00e9tev\u0151j\u00e9nek szellemi tulajdon\u00e1t k\u00e9pezik.<\/p>\n<p>A Kosztol\u00e1nyi Dezs\u0151 Tehets\u00e9ggondoz\u00f3 Gimn\u00e1zium\u00a0mindent megtett az\u00e9rt, hogy az itt k\u00f6z\u00f6lt inform\u00e1ci\u00f3k pontosak \u00e9s teljesek legyenek, de semmif\u00e9le felel\u0151ss\u00e9get nem v\u00e1llal az infom\u00e1ci\u00f3k b\u00e1rmilyen haszn\u00e1lat\u00e1b\u00f3l ad\u00f3d\u00f3 k\u00e1resem\u00e9ny bek\u00f6vetkezt\u00e9\u00e9rt.<\/p>\n","protected":false},"excerpt":{"rendered":"<p>A tg.edu.rs honlapon (tov\u00e1bbiakban &#8220;honlap&#8221;) tal\u00e1lhat\u00f3 tartalom a Kosztol\u00e1nyi Dezs\u0151 Tehets\u00e9ggondoz\u00f3 Gimn\u00e1zium szellemi tulajdona. A\u00a0Kosztol\u00e1nyi Dezs\u0151 Tehets\u00e9ggondoz\u00f3 Gimn\u00e1zium fenntart minden, a honlap b\u00e1rmely r\u00e9sz\u00e9nek b\u00e1rmilyen m\u00f3dszerrel, technik\u00e1val t\u00f6rt\u00e9n\u0151 m\u00e1sol\u00e1s\u00e1val \u00e9s terjeszt\u00e9s\u00e9vel kapcsolatos jogot. A honlapon tal\u00e1lhat\u00f3 inform\u00e1ci\u00f3k sem az eg\u00e9sz,<span class=\"ellipsis\">&hellip;<\/span><\/p>\n<div class=\"read-more\"><a href=\"https:\/\/tg.edu.rs\/hun\/felhasznalasi-feltetelek\/\">Tov\u00e1bb \u203a<\/a><\/div>\n<p><!-- end of .read-more --><\/p>\n","protected":false},"author":1,"featured_media":0,"parent":0,"menu_order":0,"comment_status":"open","ping_status":"open","template":"","meta":{"_mi_skip_tracking":false},"aioseo_notices":[],"_links":{"self":[{"href":"https:\/\/tg.edu.rs\/hun\/wp-json\/wp\/v2\/pages\/1302"}],"collection":[{"href":"https:\/\/tg.edu.rs\/hun\/wp-json\/wp\/v2\/pages"}],"about":[{"href":"https:\/\/tg.edu.rs\/hun\/wp-json\/wp\/v2\/types\/page"}],"author":[{"embeddable":true,"href":"https:\/\/tg.edu.rs\/hun\/wp-json\/wp\/v2\/users\/1"}],"replies":[{"embeddable":true,"href":"https:\/\/tg.edu.rs\/hun\/wp-json\/wp\/v2\/comments?post=1302"}],"version-history":[{"count":7,"href":"https:\/\/tg.edu.rs\/hun\/wp-json\/wp\/v2\/pages\/1302\/revisions"}],"predecessor-version":[{"id":9559,"href":"https:\/\/tg.edu.rs\/hun\/wp-json\/wp\/v2\/pages\/1302\/revisions\/9559"}],"wp:attachment":[{"href":"https:\/\/tg.edu.rs\/hun\/wp-json\/wp\/v2\/media?parent=1302"}],"curies":[{"name":"wp","href":"https:\/\/api.w.org\/{rel}","templated":true}]}}