{"id":12775,"date":"2016-02-18T20:39:25","date_gmt":"2016-02-18T19:39:25","guid":{"rendered":"http:\/\/tg.edu.rs\/hun\/?page_id=12775"},"modified":"2025-09-24T08:13:38","modified_gmt":"2025-09-24T06:13:38","slug":"dokumentumok","status":"publish","type":"page","link":"https:\/\/tg.edu.rs\/hun\/dokumentumok\/","title":{"rendered":"Dokumentumok"},"content":{"rendered":"<ul style=\"list-style-type: disc;\">\n<li>Godi\u0161nji plan 2025\/2026 <a href=\"https:\/\/www.tg.edu.rs\/downloads\/dokumentumok\/Godplan_2025-2026.pdf\" target=\"_blank\" rel=\"noopener\">Let\u00f6lt\u00e9s<\/a><\/li>\n<\/ul>\n<ul style=\"list-style-type: disc;\">\n<li>Izve\u0161taj 2024\/2025 <a href=\"https:\/\/www.tg.edu.rs\/downloads\/dokumentumok\/Godizvestaj_2024-2025.pdf\" target=\"_blank\" rel=\"noopener\">Let\u00f6lt\u00e9s<\/a><\/li>\n<\/ul>\n<ul style=\"list-style-type: disc;\">\n<li>Pravilnik sistematizacija 2025\/2026 <a href=\"https:\/\/www.tg.edu.rs\/downloads\/dokumentumok\/Pravilnik_sistematizacija_2025 2026.pdf\" target=\"_blank\" rel=\"noopener\">Let\u00f6lt\u00e9s<\/a><\/li>\n<\/ul>\n<ul style=\"list-style-type: disc;\">\n<li>Aneks statuta <a href=\"https:\/\/www.tg.edu.rs\/downloads\/dokumentumok\/Aneks_statut.pdf\" target=\"_blank\" rel=\"noopener\">Let\u00f6lt\u00e9s<\/a><\/li>\n<\/ul>\n<ul style=\"list-style-type: disc;\">\n<li>Godi\u0161nji plan 2024\/2025 <a href=\"https:\/\/www.tg.edu.rs\/downloads\/dokumentumok\/godplan2425.pdf\" target=\"_blank\" rel=\"noopener\">Let\u00f6lt\u00e9s<\/a><\/li>\n<\/ul>\n<ul style=\"list-style-type: disc;\">\n<li>Izve\u0161taj 2023\/2024 <a href=\"https:\/\/www.tg.edu.rs\/downloads\/dokumentumok\/izvestaj2324.pdf\" target=\"_blank\" rel=\"noopener\">Let\u00f6lt\u00e9s<\/a><\/li>\n<\/ul>\n<ul>\n<li>Kriterijumi ocenjivanja <a href=\"https:\/\/www.tg.edu.rs\/downloads\/dokumentumok\/Kriterijumi_ocenjivanja.pdf\" target=\"_blank\" rel=\"noopener\">Let\u00f6lt\u00e9s<\/a><\/li>\n<\/ul>\n<ul style=\"list-style-type: disc;\">\n<li>Godi\u0161nji plan 2023\/2024 <a href=\"https:\/\/www.tg.edu.rs\/downloads\/dokumentumok\/godisnji2324.docx\" target=\"_blank\" rel=\"noopener\">Let\u00f6lt\u00e9s<\/a><\/li>\n<\/ul>\n<ul style=\"list-style-type: disc;\">\n<li>Izve\u0161taj 2022\/2023 <a href=\"https:\/\/www.tg.edu.rs\/downloads\/dokumentumok\/izvestaj2223.docx\" target=\"_blank\" rel=\"noopener\">Let\u00f6lt\u00e9s<\/a><\/li>\n<\/ul>\n<ul>\n<li>Skolski program <a href=\"https:\/\/www.tg.edu.rs\/downloads\/dokumentumok\/skolskiprogram.doc\" target=\"_blank\" rel=\"noopener\">Let\u00f6lt\u00e9s<\/a><\/li>\n<\/ul>\n<ul>\n<li>Samovrednovanje <a href=\"https:\/\/www.tg.edu.rs\/downloads\/dokumentumok\/samovrednovanje2223.docx\" target=\"_blank\" rel=\"noopener\">Let\u00f6lt\u00e9s<\/a><\/li>\n<\/ul>\n<ul>\n<li>Razvojni plan <a href=\"https:\/\/www.tg.edu.rs\/downloads\/dokumentumok\/razvojni2025.doc\" target=\"_blank\" rel=\"noopener\">Let\u00f6lt\u00e9s<\/a><\/li>\n<\/ul>\n<ul style=\"list-style-type: disc;\">\n<li>P\u00e9nz\u00fcgyi terv <a href=\"https:\/\/www.tg.edu.rs\/downloads\/dokumentumok\/FINANSIJSKI PLAN 2018.pdf\" target=\"_blank\" rel=\"noopener\">Let\u00f6lt\u00e9s<\/a><\/li>\n<\/ul>\n<ul style=\"list-style-type: disc;\">\n<li>Fontosabb esem\u00e9nyek \u00e1ttekint\u00e9se <a href=\"https:\/\/www.tg.edu.rs\/downloads\/dokumentumok\/aktivnosti_skole.pdf\" target=\"_blank\" rel=\"noopener\">Let\u00f6lt\u00e9s<\/a><\/li>\n<\/ul>\n<ul style=\"list-style-type: disc;\">\n<li>Munkaszervez\u00e9s <a href=\"https:\/\/www.tg.edu.rs\/downloads\/dokumentumok\/program_i_organizacija_rada.pdf\" target=\"_blank\" rel=\"noopener\">Let\u00f6lt\u00e9s<\/a><\/li>\n<\/ul>\n<ul style=\"list-style-type: disc;\">\n<li>Oktat\u00f3i-nevel\u0151i munka megval\u00f3sul\u00e1sa <a href=\"https:\/\/www.tg.edu.rs\/downloads\/dokumentumok\/realizacija_obrazovno_vaspitnog_rada.pdf\" target=\"_blank\" rel=\"noopener\">Let\u00f6lt\u00e9s<\/a><\/li>\n<\/ul>\n<ul style=\"list-style-type: disc;\">\n<li>Fegyelmi szab\u00e1lyzat <a href=\"https:\/\/www.tg.edu.rs\/downloads\/dokumentumok\/PRAVILNIK_O_VASPITNO _DISCIPLINSKOJ_ODGOVORNOSTI.pdf\" target=\"_blank\" rel=\"noopener\">Let\u00f6lt\u00e9s<\/a><\/li>\n<\/ul>\n<ul style=\"list-style-type: disc;\">\n<li>Viselked\u00e9si szab\u00e1lyzat <a href=\"https:\/\/www.tg.edu.rs\/downloads\/dokumentumok\/pravila_ponasanja.pdf\" target=\"_blank\" rel=\"noopener\">Let\u00f6lt\u00e9s<\/a><\/li>\n<\/ul>\n<ul style=\"list-style-type: disc;\">\n<li>H\u00e1zirend <a href=\"https:\/\/www.tg.edu.rs\/downloads\/dokumentumok\/kucni_red.pdf\" target=\"_blank\" rel=\"noopener\">Let\u00f6lt\u00e9s<\/a><\/li>\n<\/ul>\n<ul style=\"list-style-type: disc;\">\n<li>Lice za za\u0161titu podataka o li\u010dnosti <a href=\"https:\/\/tg.edu.rs\/hun\/wp-content\/uploads\/2022\/12\/Odluka-zastita-podataka.pdf\" target=\"_blank\" rel=\"noopener\">Let\u00f6lt\u00e9s<\/a><\/li>\n<\/ul>\n<hr class=\"symple-divider solid \" style=\"margin-top: 20px;margin-bottom: 20px;\" \/>\n<ul>\n<li>Pravilnik o planu i programu nastave i u\u010denja gimnazije za u\u010denike sa posebnim sposobnostima za filolo\u0161ke nauke <a href=\"https:\/\/www.tg.edu.rs\/downloads\/dokumentumok\/Filoloska.zip\" target=\"_blank\" rel=\"noopener\">Let\u00f6lt\u00e9s<\/a><\/li>\n<\/ul>\n<ul>\n<li>Pravilnik o planu i programu nastave i u\u010denja gimnazije za u\u010denike sa posebnim sposobnostima za sport <a href=\"https:\/\/www.tg.edu.rs\/downloads\/dokumentumok\/Sport.zip\" target=\"_blank\" rel=\"noopener\">Let\u00f6lt\u00e9s<\/a><\/li>\n<\/ul>\n<ul>\n<li>Pravilnik o planu i programu nastave i u\u010denja gimnazije za u\u010denike sa posebnim sposobnostima za scensku i audio-vizuelnu umetnost <a href=\"https:\/\/www.tg.edu.rs\/downloads\/dokumentumok\/Scenska.zip\" target=\"_blank\" rel=\"noopener\">Let\u00f6lt\u00e9s<\/a><\/li>\n<\/ul>\n<ul>\n<li>Pravilnik o planu i programu nastave i u\u010denja za gimnaziju &#8211; op\u0161ti smer\u00a0 <a href=\"https:\/\/www.tg.edu.rs\/downloads\/dokumentumok\/Opsti smer.zip\" target=\"_blank\" rel=\"noopener\">Let\u00f6lt\u00e9s<\/a><\/li>\n<\/ul>\n<ul>\n<li>Fegyelmi szab\u00e1lyzat <a href=\"https:\/\/www.tg.edu.rs\/downloads\/dokumentumok\/PRAVILNIK_O_VASPITNO _DISCIPLINSKOJ_ODGOVORNOSTI.pdf\" target=\"_blank\" rel=\"noopener\">Let\u00f6lt\u00e9s<\/a><\/li>\n<\/ul>\n<ul>\n<li>Viselked\u00e9si szab\u00e1lyzat <a href=\"https:\/\/www.tg.edu.rs\/downloads\/dokumentumok\/pravila_ponasanja.pdf\" target=\"_blank\" rel=\"noopener\">Let\u00f6lt\u00e9s<\/a><\/li>\n<\/ul>\n<ul>\n<li>H\u00e1zirend <a href=\"https:\/\/www.tg.edu.rs\/downloads\/dokumentumok\/kucni_red.pdf\" target=\"_blank\" rel=\"noopener\">Let\u00f6lt\u00e9s<\/a><\/li>\n<\/ul>\n<ul>\n<li>Lice za za\u0161titu podataka o li\u010dnosti <a href=\"https:\/\/tg.edu.rs\/hun\/wp-content\/uploads\/2022\/12\/Odluka-zastita-podataka.pdf\" target=\"_blank\" rel=\"noopener\">Let\u00f6lt\u00e9s<\/a><\/li>\n<\/ul>\n","protected":false},"excerpt":{"rendered":"<p>Godi\u0161nji plan 2025\/2026 Let\u00f6lt\u00e9s Izve\u0161taj 2024\/2025 Let\u00f6lt\u00e9s Pravilnik sistematizacija 2025\/2026 Let\u00f6lt\u00e9s Aneks statuta Let\u00f6lt\u00e9s Godi\u0161nji plan 2024\/2025 Let\u00f6lt\u00e9s Izve\u0161taj 2023\/2024 Let\u00f6lt\u00e9s Kriterijumi ocenjivanja Let\u00f6lt\u00e9s Godi\u0161nji plan 2023\/2024 Let\u00f6lt\u00e9s Izve\u0161taj 2022\/2023 Let\u00f6lt\u00e9s Skolski program Let\u00f6lt\u00e9s Samovrednovanje Let\u00f6lt\u00e9s Razvojni plan Let\u00f6lt\u00e9s P\u00e9nz\u00fcgyi<span class=\"ellipsis\">&hellip;<\/span><\/p>\n<div class=\"read-more\"><a href=\"https:\/\/tg.edu.rs\/hun\/dokumentumok\/\">Tov\u00e1bb \u203a<\/a><\/div>\n<p><!-- end of .read-more --><\/p>\n","protected":false},"author":1,"featured_media":0,"parent":0,"menu_order":0,"comment_status":"closed","ping_status":"closed","template":"","meta":{"_mi_skip_tracking":false},"aioseo_notices":[],"_links":{"self":[{"href":"https:\/\/tg.edu.rs\/hun\/wp-json\/wp\/v2\/pages\/12775"}],"collection":[{"href":"https:\/\/tg.edu.rs\/hun\/wp-json\/wp\/v2\/pages"}],"about":[{"href":"https:\/\/tg.edu.rs\/hun\/wp-json\/wp\/v2\/types\/page"}],"author":[{"embeddable":true,"href":"https:\/\/tg.edu.rs\/hun\/wp-json\/wp\/v2\/users\/1"}],"replies":[{"embeddable":true,"href":"https:\/\/tg.edu.rs\/hun\/wp-json\/wp\/v2\/comments?post=12775"}],"version-history":[{"count":16,"href":"https:\/\/tg.edu.rs\/hun\/wp-json\/wp\/v2\/pages\/12775\/revisions"}],"predecessor-version":[{"id":15132,"href":"https:\/\/tg.edu.rs\/hun\/wp-json\/wp\/v2\/pages\/12775\/revisions\/15132"}],"wp:attachment":[{"href":"https:\/\/tg.edu.rs\/hun\/wp-json\/wp\/v2\/media?parent=12775"}],"curies":[{"name":"wp","href":"https:\/\/api.w.org\/{rel}","templated":true}]}}